{"id":3192,"date":"2017-04-07T12:38:56","date_gmt":"2017-04-07T11:38:56","guid":{"rendered":"http:\/\/inther.es\/?page_id=3192"},"modified":"2024-07-24T12:33:23","modified_gmt":"2024-07-24T11:33:23","slug":"politica-de-privacidad","status":"publish","type":"page","link":"https:\/\/inther.es\/en\/politica-de-privacidad\/","title":{"rendered":"Pol\u00edtica de privacidad"},"content":{"rendered":"<p>[\/vc_column_text][\/vc_column][\/vc_row][vc_row][vc_column][vc_empty_space height=&#8221;150px&#8221;][\/vc_column][\/vc_row][vc_row][vc_column][vc_column_text]<\/p>\n<h4>* POL\u00cdTICA DE PRIVACIDAD Y PROTECCI\u00d3N DE DATOS *<\/h4>\n<p>En cumplimiento de la normativa vigente en materia de protecci\u00f3n de datos personales, reflejada en la Ley Org\u00e1nica 15\/1999 de 13 de diciembre, de Protecci\u00f3n de Datos de Car\u00e1cter Personal y en el Real Decreto 1720\/2007, de 21 diciembre, por el que se aprueba el Reglamento de Desarrollo de la LOPD. Inther.es se compromete adoptar las medidas t\u00e9cnicas y organizativas necesarias, seg\u00fan el nivelde seguridad de los datos recabados, de forma que garanticen laseguridad de los datos de car\u00e1cter personal y eviten su alteraci\u00f3n,p\u00e9rdida, tratamiento o acceso no autorizado.<\/p>\n<p>Conforme a lo previsto en el art\u00edculo 5 de la LOPD, se informa al Usuario que los datos personales recabados por Inther.es, mediante los formularios extendidos en sus p\u00e1ginas, ser\u00e1n introducidos en un fichero automatizado bajo la responsabilidad de Inther.es, y debidamente declarado e inscrito en el Registro General de la Agencia de Protecci\u00f3n de Datos, con la finalidad de poder facilitar, agilizar y cumplir los compromisos establecidos entre ambas partes o el mantenimiento de la relaci\u00f3n que se establezca en los formularios que suscriba o para atender una solicitud o consulta.<\/p>\n<p>Mientras el Usuario no comunique lo contrario a Inther.es, se entender\u00e1 que sus datos no han sido modificados, que el Usuario se compromete a notificar cualquier variaci\u00f3n y que tiene el consentimiento para utilizarlos para las finalidades determinadas, expl\u00edcitas y leg\u00edtimas para las que se hayan obtenido Pudiendo incluso ser, adem\u00e1s, utilizados con una finalidad comercial de personalizaci\u00f3n, operativa y estad\u00edstica, y actividades propias de su objeto social, autorizando expresamente a Inther.es para la extracci\u00f3n, almacenamiento de datos y estudios de marketing para adecuar el Contenido ofertado al Usuario, y as\u00ed mejorar la calidad, funcionamiento y navegaci\u00f3n por el Sitio Web.<\/p>\n<p>En las ocasiones en las que el Usuario pudiera facilitar sus datos a trav\u00e9s de formularios, con el objeto de realizar consultas, solicitar informaci\u00f3n y\/o por motivos relacionados con el Contenido ofrecido en el Sitio Web, si los datos que facilitara el Usuario fueran imprescindibles para el correcto desarrollo de todo esto, se informar\u00e1 de ello al Usuario indic\u00e1ndole que son datos cuya cumplimentaci\u00f3n es de car\u00e1cter obligatorio.<\/p>\n<p>En caso de no autorizar el tratamiento de sus datos con la finalidad se\u00f1alada en el p\u00e1rrafo(s) anterior(es), el Usuario podr\u00e1 ejercer sus derechos de informaci\u00f3n-acceso, rectificaci\u00f3n, cancelaci\u00f3n y oposici\u00f3n (Derechos ARCO) de los que dispone y que pueden ser ejercitados ante Inther.es, Para ello, debe tener en cuenta las siguientes connotaciones:<\/p>\n<p>* Derecho de Acceso: Es el derecho del Usuario a obtener informaci\u00f3n sobre sus datos concretos de car\u00e1cter personal y del tratamiento que Inther.es haya realizado o realice, as\u00ed como de la informaci\u00f3n disponible sobre el origen de dichos datos y las comunicaciones realizadas o previstas de los mismos.<\/p>\n<p>* Derecho de Rectificaci\u00f3n: Es el derecho del Usuario a que se modifiquen los datos que, estando dentro del fichero automatizado, resulten ser inexactos o incompletos.<\/p>\n<p>* Derecho de Cancelaci\u00f3n: Es el derecho a suprimir los datos de car\u00e1cter personal del Usuario, a excepci\u00f3n de lo previsto en otras leyes aplicables que determinen la obligatoriedad de la conservaci\u00f3nde los mismos, en tiempo y forma.<\/p>\n<p>* Derecho de Oposici\u00f3n: Es el derecho del Usuario a que no se lleve a cabo el tratamiento de sus datos de car\u00e1cter personal o se cese el tratamiento de los mismos por parte de Inther.es.<\/p>\n<p>As\u00ed pues, el Usuario podr\u00e1 ejercitar sus derechos mediante comunicaci\u00f3n escrita dirigida a Inther.es con la referencia &#8220;LOPD-www.inther.es&#8221;, especificando:<\/p>\n<p>* Nombre, apellidos del Usuario y copia del DNI. En los casos en que se admita la representaci\u00f3n, ser\u00e1 tambi\u00e9n necesaria la identificaci\u00f3n por el mismo medio de la persona que representa al Usuario, as\u00ed como el documento acreditativo de la representaci\u00f3n. La fotocopia del DNI podr\u00e1 ser sustituida, por cualquier otro medio v\u00e1lido en derecho que acredite la identidad.<\/p>\n<p>* Petici\u00f3n con los motivos espec\u00edficos de la solicitud o informaci\u00f3n a la que se quiere acceder.<\/p>\n<p>* Domicilio a efecto de notificaciones.<\/p>\n<p>* Fecha y firma del solicitante.<\/p>\n<p>* Todo documento que acredite la petici\u00f3n que formula.<\/p>\n<p>El Usuario deber\u00e1 utilizar un m\u00e9todo de env\u00edo que permita acreditar el env\u00edo y la recepci\u00f3n de la solicitud.<\/p>\n<p>Esta solicitud y todo otro documento adjunto deber\u00e1 enviarse a la siguiente direcci\u00f3n y\/o correo electr\u00f3nico:<\/p>\n<p>INTER SYSTEMS EUROPE S.A.<br \/>\nP.I. de Picasent Cl 5, Nave 16<br \/>\nC.P. 46220<br \/>\nPicasent \u2013 Valencia<br \/>\ne-mail: inther@inther.es<\/p>\n<p>Inther.es se reserva el derecho a modificar su Pol\u00edtica de Privacidad, de acuerdo a su propio criterio, o motivado por un cambio legislativo, jurisprudencial o doctrinal de la Agencia Espa\u00f1ola de Protecci\u00f3n de Datos. El uso de la Web despu\u00e9s de dichos cambios, implicar\u00e1 la aceptaci\u00f3n de los mismos.<\/p>\n<h4>* POL\u00cdTICA DE ENLACES *<\/h4>\n<p>Se informa que el Sitio Web de Inther.es pone o puede poner a disposici\u00f3n de los Usuarios medios de enlace (como, entre otros, links, banners, botones), directorios y motores de b\u00fasqueda que permiten a los Usuarios acceder a sitios web pertenecientes y\/o gestionados por terceros.<\/p>\n<p>La instalaci\u00f3n de estos enlaces, directorios y motores de b\u00fasqueda en el Sitio Web tiene por objeto facilitar a los Usuarios la b\u00fasqueda de y acceso a la informaci\u00f3n disponible en Internet, sin que pueda considerarse una sugerencia, recomendaci\u00f3n o invitaci\u00f3n para la visita de los mismos.<\/p>\n<p>Inther.es no ofrece ni comercializa por s\u00ed ni por medio de terceros los productos y\/o servicios disponibles en dichos sitios enlazados.<\/p>\n<p>Asimismo, tampoco garantizar\u00e1 la disponibilidad t\u00e9cnica, exactitud, veracidad, validez o legalidad de sitio ajenos a su propiedad a los que se pueda acceder por medio de los enlaces.<\/p>\n<p>Inther.es en ning\u00fan caso revisar\u00e1 o controlar\u00e1 el contenido de otros sitios web, as\u00ed como tampoco aprueba, examina ni hace propios los productos y servicios, contenidos, archivos y cualquier otro material existente en los referidos sitios enlazados.<\/p>\n<p>Inther.es no asume ninguna responsabilidad por los da\u00f1os y perjuicios que pudieran producirse por el acceso, uso, calidad o licitud de los contenidos, comunicaciones, opiniones, productos y servicios de los sitios web no gestionados por Inther.es y que sean enlazados en este Sitio Web.<\/p>\n<p>El Usuario o tercero que realice un hiperv\u00ednculo desde una p\u00e1gina web de otro, distinto, sitio web al Sitio Web de Inther.es deber\u00e1 saber que:<\/p>\n<p>No se permite la reproducci\u00f3n \u2014total o parcialmente\u2014 de ninguno de los Contenidos y\/o Servicios del Sitio Web sin autorizaci\u00f3n expresa de Inther.es.<\/p>\n<p>No se permite tampoco ninguna manifestaci\u00f3n falsa, inexacta o incorrecta sobre el Sitio Web de Inther.es, ni sobre los Contenidos y\/o Servicios del mismo.<\/p>\n<p>A excepci\u00f3n del hiperv\u00ednculo, el sitio web en el que se establezca dicho hiperenlace no contendr\u00e1 ning\u00fan elemento, de este Sitio Web, protegido como propiedad intelectual por el ordenamiento jur\u00eddico espa\u00f1ol, salvo autorizaci\u00f3n expresa de Inther.es.<\/p>\n<p>El establecimiento del hiperv\u00ednculo no implicar\u00e1 la existencia de relaciones entre Inther.es y el titular del sitio web desde el cual se realice, ni el conocimiento y aceptaci\u00f3n de Inther.es de los contenidos, servicios y\/o actividades ofrecidos en dicho sitio web, y viceversa.<\/p>\n<h4>* PROPIEDAD INTELECTUAL E INDUSTRIAL *<\/h4>\n<p>Inther.es por s\u00ed o como parte cesionaria, es titular de todos los derechos de propiedad intelectual e industrial del Sitio Web, as\u00ed como de los elementos contenidos en el mismo (a t\u00edtulo enunciativo y no exhaustivo, im\u00e1genes, sonido, audio, v\u00eddeo, software o textos, marcas o logotipos, combinaciones de colores, estructura y dise\u00f1o, selecci\u00f3n de materiales usados, programas de ordenador necesarios para su funcionamiento acceso y uso, etc.). Ser\u00e1n, por consiguiente, obras protegidas como propiedad intelectual por el ordenamiento jur\u00eddico espa\u00f1ol, si\u00e9ndoles aplicables tanto la normativa espa\u00f1ola y comunitaria en este campo, como los tratados internacionales relativos a la materia y suscritos por Espa\u00f1a.<\/p>\n<p>Todos los derechos reservados. En virtud de lo dispuesto en la Ley de Propiedad Intelectual, quedan expresamente prohibidas la reproducci\u00f3n, la distribuci\u00f3n y la comunicaci\u00f3n p\u00fablica, incluida su modalidad de puesta a disposici\u00f3n, de la totalidad o parte de los contenidos de esta p\u00e1gina web, con fines comerciales, en cualquier soporte y por cualquier medio t\u00e9cnico, sin la autorizaci\u00f3n de Inther.es.<\/p>\n<p>El Usuario se compromete a respetar los derechos de propiedad intelectual e industrial de Inther.es. Podr\u00e1 visualizar los elementos del Sitio Web o incluso imprimirlos, copiarlos y almacenarlos en el disco duro de su ordenador o en cualquier otro soporte f\u00edsico siempre y cuando sea, exclusivamente, para su uso personal. El Usuario, sin embargo, no podr\u00e1 suprimir, alterar, o manipular cualquier dispositivo de protecci\u00f3n o sistema de seguridad que estuviera instalado en el Sitio Web.<\/p>\n<p>En caso de que el Usuario o tercero considere que cualquiera de los Contenidos del Sitio Web suponga una violaci\u00f3n de los derechos de protecci\u00f3n de la propiedad intelectual, deber\u00e1 comunicarlo inmediatamente a Inther.es a trav\u00e9s de los datos de contacto del apartado de INFORMACI\u00d3N GENERAL de este Aviso Legal y Condiciones Generales de Uso.<\/p>\n<h4>* ACCIONES LEGALES, LEGISLACI\u00d3N APLICABLE Y JURISDICCI\u00d3N *<\/h4>\n<p>Inther.es se reserva la facultad de presentar las acciones civiles o penales que considere necesarias por la utilizaci\u00f3n indebida del Sitio Web y Contenidos, o por el incumplimiento de las presentes Condiciones.<\/p>\n<p>La relaci\u00f3n entre el Usuario y Inther.es se regir\u00e1 por la normativa vigente y de aplicaci\u00f3n en el territorio espa\u00f1ol. De surgir cualquier controversia en relaci\u00f3n a la interpretaci\u00f3n y\/o a la aplicaci\u00f3n de estas Condiciones las partes someter\u00e1n sus conflictos a la jurisdicci\u00f3n ordinaria someti\u00e9ndose a los jueces y tribunales que correspondan conforme a derecho.[\/vc_column_text][\/vc_column][\/vc_row][vc_row][vc_column][vc_column_text][\/vc_column_text][\/vc_column][\/vc_row][vc_row][vc_column][vc_empty_space height=&#8221;150px&#8221;][\/vc_column][\/vc_row][vc_row][vc_column][vc_column_text]<\/p>\n<h4>* POL\u00cdTICA DE PRIVACIDAD Y PROTECCI\u00d3N DE DATOS *<\/h4>\n<p>En cumplimiento de la normativa vigente en materia de protecci\u00f3n de datos personales, reflejada en la Ley Org\u00e1nica 15\/1999 de 13 de diciembre, de Protecci\u00f3n de Datos de Car\u00e1cter Personal y en el Real Decreto 1720\/2007, de 21 diciembre, por el que se aprueba el Reglamento de Desarrollo de la LOPD. Inther.es se compromete adoptar las medidas t\u00e9cnicas y organizativas necesarias, seg\u00fan el nivelde seguridad de los datos recabados, de forma que garanticen laseguridad de los datos de car\u00e1cter personal y eviten su alteraci\u00f3n,p\u00e9rdida, tratamiento o acceso no autorizado.<\/p>\n<p>Conforme a lo previsto en el art\u00edculo 5 de la LOPD, se informa al Usuario que los datos personales recabados por Inther.es, mediante los formularios extendidos en sus p\u00e1ginas, ser\u00e1n introducidos en un fichero automatizado bajo la responsabilidad de Inther.es, y debidamente declarado e inscrito en el Registro General de la Agencia de Protecci\u00f3n de Datos, con la finalidad de poder facilitar, agilizar y cumplir los compromisos establecidos entre ambas partes o el mantenimiento de la relaci\u00f3n que se establezca en los formularios que suscriba o para atender una solicitud o consulta.<\/p>\n<p>Mientras el Usuario no comunique lo contrario a Inther.es, se entender\u00e1 que sus datos no han sido modificados, que el Usuario se compromete a notificar cualquier variaci\u00f3n y que tiene el consentimiento para utilizarlos para las finalidades determinadas, expl\u00edcitas y leg\u00edtimas para las que se hayan obtenido Pudiendo incluso ser, adem\u00e1s, utilizados con una finalidad comercial de personalizaci\u00f3n, operativa y estad\u00edstica, y actividades propias de su objeto social, autorizando expresamente a Inther.es para la extracci\u00f3n, almacenamiento de datos y estudios de marketing para adecuar el Contenido ofertado al Usuario, y as\u00ed mejorar la calidad, funcionamiento y navegaci\u00f3n por el Sitio Web.<\/p>\n<p>En las ocasiones en las que el Usuario pudiera facilitar sus datos a trav\u00e9s de formularios, con el objeto de realizar consultas, solicitar informaci\u00f3n y\/o por motivos relacionados con el Contenido ofrecido en el Sitio Web, si los datos que facilitara el Usuario fueran imprescindibles para el correcto desarrollo de todo esto, se informar\u00e1 de ello al Usuario indic\u00e1ndole que son datos cuya cumplimentaci\u00f3n es de car\u00e1cter obligatorio.<\/p>\n<p>En caso de no autorizar el tratamiento de sus datos con la finalidad se\u00f1alada en el p\u00e1rrafo(s) anterior(es), el Usuario podr\u00e1 ejercer sus derechos de informaci\u00f3n-acceso, rectificaci\u00f3n, cancelaci\u00f3n y oposici\u00f3n (Derechos ARCO) de los que dispone y que pueden ser ejercitados ante Inther.es, Para ello, debe tener en cuenta las siguientes connotaciones:<\/p>\n<p>* Derecho de Acceso: Es el derecho del Usuario a obtener informaci\u00f3n sobre sus datos concretos de car\u00e1cter personal y del tratamiento que Inther.es haya realizado o realice, as\u00ed como de la informaci\u00f3n disponible sobre el origen de dichos datos y las comunicaciones realizadas o previstas de los mismos.<\/p>\n<p>* Derecho de Rectificaci\u00f3n: Es el derecho del Usuario a que se modifiquen los datos que, estando dentro del fichero automatizado, resulten ser inexactos o incompletos.<\/p>\n<p>* Derecho de Cancelaci\u00f3n: Es el derecho a suprimir los datos de car\u00e1cter personal del Usuario, a excepci\u00f3n de lo previsto en otras leyes aplicables que determinen la obligatoriedad de la conservaci\u00f3nde los mismos, en tiempo y forma.<\/p>\n<p>* Derecho de Oposici\u00f3n: Es el derecho del Usuario a que no se lleve a cabo el tratamiento de sus datos de car\u00e1cter personal o se cese el tratamiento de los mismos por parte de Inther.es.<\/p>\n<p>As\u00ed pues, el Usuario podr\u00e1 ejercitar sus derechos mediante comunicaci\u00f3n escrita dirigida a Inther.es con la referencia &#8220;LOPD-www.inther.es&#8221;, especificando:<\/p>\n<p>* Nombre, apellidos del Usuario y copia del DNI. En los casos en que se admita la representaci\u00f3n, ser\u00e1 tambi\u00e9n necesaria la identificaci\u00f3n por el mismo medio de la persona que representa al Usuario, as\u00ed como el documento acreditativo de la representaci\u00f3n. La fotocopia del DNI podr\u00e1 ser sustituida, por cualquier otro medio v\u00e1lido en derecho que acredite la identidad.<\/p>\n<p>* Petici\u00f3n con los motivos espec\u00edficos de la solicitud o informaci\u00f3n a la que se quiere acceder.<\/p>\n<p>* Domicilio a efecto de notificaciones.<\/p>\n<p>* Fecha y firma del solicitante.<\/p>\n<p>* Todo documento que acredite la petici\u00f3n que formula.<\/p>\n<p>El Usuario deber\u00e1 utilizar un m\u00e9todo de env\u00edo que permita acreditar el env\u00edo y la recepci\u00f3n de la solicitud.<\/p>\n<p>Esta solicitud y todo otro documento adjunto deber\u00e1 enviarse a la siguiente direcci\u00f3n y\/o correo electr\u00f3nico:<\/p>\n<p>INTER SYSTEMS EUROPE S.A.<br \/>\nP.I. de Picasent Cl 5, Nave 16<br \/>\nC.P. 46220<br \/>\nPicasent \u2013 Valencia<br \/>\ne-mail: inther@inther.es<\/p>\n<p>Inther.es se reserva el derecho a modificar su Pol\u00edtica de Privacidad, de acuerdo a su propio criterio, o motivado por un cambio legislativo, jurisprudencial o doctrinal de la Agencia Espa\u00f1ola de Protecci\u00f3n de Datos. El uso de la Web despu\u00e9s de dichos cambios, implicar\u00e1 la aceptaci\u00f3n de los mismos.<\/p>\n<h4>* POL\u00cdTICA DE ENLACES *<\/h4>\n<p>Se informa que el Sitio Web de Inther.es pone o puede poner a disposici\u00f3n de los Usuarios medios de enlace (como, entre otros, links, banners, botones), directorios y motores de b\u00fasqueda que permiten a los Usuarios acceder a sitios web pertenecientes y\/o gestionados por terceros.<\/p>\n<p>La instalaci\u00f3n de estos enlaces, directorios y motores de b\u00fasqueda en el Sitio Web tiene por objeto facilitar a los Usuarios la b\u00fasqueda de y acceso a la informaci\u00f3n disponible en Internet, sin que pueda considerarse una sugerencia, recomendaci\u00f3n o invitaci\u00f3n para la visita de los mismos.<\/p>\n<p>Inther.es no ofrece ni comercializa por s\u00ed ni por medio de terceros los productos y\/o servicios disponibles en dichos sitios enlazados.<\/p>\n<p>Asimismo, tampoco garantizar\u00e1 la disponibilidad t\u00e9cnica, exactitud, veracidad, validez o legalidad de sitio ajenos a su propiedad a los que se pueda acceder por medio de los enlaces.<\/p>\n<p>Inther.es en ning\u00fan caso revisar\u00e1 o controlar\u00e1 el contenido de otros sitios web, as\u00ed como tampoco aprueba, examina ni hace propios los productos y servicios, contenidos, archivos y cualquier otro material existente en los referidos sitios enlazados.<\/p>\n<p>Inther.es no asume ninguna responsabilidad por los da\u00f1os y perjuicios que pudieran producirse por el acceso, uso, calidad o licitud de los contenidos, comunicaciones, opiniones, productos y servicios de los sitios web no gestionados por Inther.es y que sean enlazados en este Sitio Web.<\/p>\n<p>El Usuario o tercero que realice un hiperv\u00ednculo desde una p\u00e1gina web de otro, distinto, sitio web al Sitio Web de Inther.es deber\u00e1 saber que:<\/p>\n<p>No se permite la reproducci\u00f3n \u2014total o parcialmente\u2014 de ninguno de los Contenidos y\/o Servicios del Sitio Web sin autorizaci\u00f3n expresa de Inther.es.<\/p>\n<p>No se permite tampoco ninguna manifestaci\u00f3n falsa, inexacta o incorrecta sobre el Sitio Web de Inther.es, ni sobre los Contenidos y\/o Servicios del mismo.<\/p>\n<p>A excepci\u00f3n del hiperv\u00ednculo, el sitio web en el que se establezca dicho hiperenlace no contendr\u00e1 ning\u00fan elemento, de este Sitio Web, protegido como propiedad intelectual por el ordenamiento jur\u00eddico espa\u00f1ol, salvo autorizaci\u00f3n expresa de Inther.es.<\/p>\n<p>El establecimiento del hiperv\u00ednculo no implicar\u00e1 la existencia de relaciones entre Inther.es y el titular del sitio web desde el cual se realice, ni el conocimiento y aceptaci\u00f3n de Inther.es de los contenidos, servicios y\/o actividades ofrecidos en dicho sitio web, y viceversa.<\/p>\n<h4>* PROPIEDAD INTELECTUAL E INDUSTRIAL *<\/h4>\n<p>Inther.es por s\u00ed o como parte cesionaria, es titular de todos los derechos de propiedad intelectual e industrial del Sitio Web, as\u00ed como de los elementos contenidos en el mismo (a t\u00edtulo enunciativo y no exhaustivo, im\u00e1genes, sonido, audio, v\u00eddeo, software o textos, marcas o logotipos, combinaciones de colores, estructura y dise\u00f1o, selecci\u00f3n de materiales usados, programas de ordenador necesarios para su funcionamiento acceso y uso, etc.). Ser\u00e1n, por consiguiente, obras protegidas como propiedad intelectual por el ordenamiento jur\u00eddico espa\u00f1ol, si\u00e9ndoles aplicables tanto la normativa espa\u00f1ola y comunitaria en este campo, como los tratados internacionales relativos a la materia y suscritos por Espa\u00f1a.<\/p>\n<p>Todos los derechos reservados. En virtud de lo dispuesto en la Ley de Propiedad Intelectual, quedan expresamente prohibidas la reproducci\u00f3n, la distribuci\u00f3n y la comunicaci\u00f3n p\u00fablica, incluida su modalidad de puesta a disposici\u00f3n, de la totalidad o parte de los contenidos de esta p\u00e1gina web, con fines comerciales, en cualquier soporte y por cualquier medio t\u00e9cnico, sin la autorizaci\u00f3n de Inther.es.<\/p>\n<p>El Usuario se compromete a respetar los derechos de propiedad intelectual e industrial de Inther.es. Podr\u00e1 visualizar los elementos del Sitio Web o incluso imprimirlos, copiarlos y almacenarlos en el disco duro de su ordenador o en cualquier otro soporte f\u00edsico siempre y cuando sea, exclusivamente, para su uso personal. El Usuario, sin embargo, no podr\u00e1 suprimir, alterar, o manipular cualquier dispositivo de protecci\u00f3n o sistema de seguridad que estuviera instalado en el Sitio Web.<\/p>\n<p>En caso de que el Usuario o tercero considere que cualquiera de los Contenidos del Sitio Web suponga una violaci\u00f3n de los derechos de protecci\u00f3n de la propiedad intelectual, deber\u00e1 comunicarlo inmediatamente a Inther.es a trav\u00e9s de los datos de contacto del apartado de INFORMACI\u00d3N GENERAL de este Aviso Legal y Condiciones Generales de Uso.<\/p>\n<h4>* ACCIONES LEGALES, LEGISLACI\u00d3N APLICABLE Y JURISDICCI\u00d3N *<\/h4>\n<p>Inther.es se reserva la facultad de presentar las acciones civiles o penales que considere necesarias por la utilizaci\u00f3n indebida del Sitio Web y Contenidos, o por el incumplimiento de las presentes Condiciones.<\/p>\n<p>La relaci\u00f3n entre el Usuario y Inther.es se regir\u00e1 por la normativa vigente y de aplicaci\u00f3n en el territorio espa\u00f1ol. De surgir cualquier controversia en relaci\u00f3n a la interpretaci\u00f3n y\/o a la aplicaci\u00f3n de estas Condiciones las partes someter\u00e1n sus conflictos a la jurisdicci\u00f3n ordinaria someti\u00e9ndose a los jueces y tribunales que correspondan conforme a derecho.[\/vc_column_text][\/vc_column][\/vc_row]<\/p>","protected":false},"excerpt":{"rendered":"<p>[\/vc_column_text][\/vc_column][\/vc_row][vc_row][vc_column][vc_empty_space height=&#8221;150px&#8221;][\/vc_column][\/vc_row][vc_row][vc_column][vc_column_text] * POL\u00cdTICA DE PRIVACIDAD Y PROTECCI\u00d3N DE DATOS * En cumplimiento de la normativa vigente en materia de protecci\u00f3n de datos personales, reflejada en<span class=\"excerpt-hellip\"> [\u2026]<\/span><\/p>\n","protected":false},"author":2,"featured_media":0,"parent":0,"menu_order":0,"comment_status":"closed","ping_status":"closed","template":"","meta":{"footnotes":""},"class_list":["post-3192","page","type-page","status-publish","hentry"],"_links":{"self":[{"href":"https:\/\/inther.es\/en\/wp-json\/wp\/v2\/pages\/3192","targetHints":{"allow":["GET"]}}],"collection":[{"href":"https:\/\/inther.es\/en\/wp-json\/wp\/v2\/pages"}],"about":[{"href":"https:\/\/inther.es\/en\/wp-json\/wp\/v2\/types\/page"}],"author":[{"embeddable":true,"href":"https:\/\/inther.es\/en\/wp-json\/wp\/v2\/users\/2"}],"replies":[{"embeddable":true,"href":"https:\/\/inther.es\/en\/wp-json\/wp\/v2\/comments?post=3192"}],"version-history":[{"count":5,"href":"https:\/\/inther.es\/en\/wp-json\/wp\/v2\/pages\/3192\/revisions"}],"predecessor-version":[{"id":9694,"href":"https:\/\/inther.es\/en\/wp-json\/wp\/v2\/pages\/3192\/revisions\/9694"}],"wp:attachment":[{"href":"https:\/\/inther.es\/en\/wp-json\/wp\/v2\/media?parent=3192"}],"curies":[{"name":"wp","href":"https:\/\/api.w.org\/{rel}","templated":true}]}}