{"id":3263,"date":"2017-04-07T13:48:06","date_gmt":"2017-04-07T12:48:06","guid":{"rendered":"http:\/\/inther.es\/productos\/manillones\/modelo-quiron-rc\/"},"modified":"2021-02-12T11:59:39","modified_gmt":"2021-02-12T10:59:39","slug":"manillon-quiron-rc","status":"publish","type":"product","link":"https:\/\/inther.es\/en\/manillones\/manillon-quiron-rc\/","title":{"rendered":"Manillon Quiron R\/C"},"content":{"rendered":"<p>[vc_row][vc_column width=&#8221;1\/2&#8243;]<div class=\"cqcarousel-container \" data-slidestoshow=\"\" data-thumbstoshow=\"5\" data-dots=\"no\" data-arrows=\"no\" data-isgallery=\"is-gallery\" data-largeimagearrows=\"no\" data-autoplay=\"\" data-autoplayspeed=\"\" data-containerwidth=\"\" data-containermaxwidth=\"\" data-imgnum=\"2\" data-bottomversion=\"\" data-dotbottom=\"\"><div class=\"carousel-gallery\"><div><img decoding=\"async\" src=\"https:\/\/inther.es\/wp-content\/uploads\/2017\/04\/manillones_modelo_QUIRON_RC.jpg\" alt=\"\" \/><\/div><div><img decoding=\"async\" src=\"https:\/\/inther.es\/wp-content\/uploads\/2017\/04\/manillones_modelo_QUIRON_RC_esquema.jpg\" alt=\"\" \/><\/div><\/div><div class=\"carousel-thumb is-gallery\"><div title=\"\"><img decoding=\"async\" src=\"https:\/\/inther.es\/wp-content\/uploads\/2017\/04\/manillones_modelo_QUIRON_RC-100x100.jpg\" alt=\"\" \/><\/div><div title=\"\"><img decoding=\"async\" src=\"https:\/\/inther.es\/wp-content\/uploads\/2017\/04\/manillones_modelo_QUIRON_RC_esquema-100x100.jpg\" alt=\"\" \/><\/div><\/div><\/div>[\/vc_column][vc_column width=&#8221;1\/2&#8243;][vc_row_inner][vc_column_inner][vc_column_text]<\/p>\n<h1>Manill\u00f3n Quiron R\/C<\/h1>\n<p>[\/vc_column_text][\/vc_column_inner][\/vc_row_inner][vc_tta_tabs][vc_tta_section title=&#8221;Descripci\u00f3n&#8221; tab_id=&#8221;1489683918685-3245c16f-6b3e&#8221;][vc_column_text]<\/p>\n<h5>Manillon Quiron R\/C<\/h5>\n<p>[\/vc_column_text][\/vc_tta_section][vc_tta_section title=&#8221;Caracter\u00edsticas&#8221; tab_id=&#8221;1489683918833-7493536c-1274&#8243;][vc_row_inner][vc_column_inner][vc_column_text]<\/p>\n<h3>Caracter\u00edsticas t\u00e9cnicas<\/h3>\n<p>[\/vc_column_text][vc_table vc_table_theme=&#8221;classic&#8221; el_class=&#8221;tabla-codigos&#8221;][align-center]C%C3%B3digo,[align-center]Descripci%C3%B3n,[align-center]Acabado,[align-center]C,[align-center]L,[align-center]H,[align-center]A,[align-center]%E2%8D%81,[align-center]Set|[align-center]07126,[align-center]MANILL%C3%93N%20QUIRON%20R%2FC%20200,[align-center]INOX%20304,[align-center]200,[align-center]251,[align-center]63,[align-center]52,[align-center]19,[align-center]4%2F40|[align-center]07127,[align-center]MANILL%C3%93N%20QUIRON%20R%2FC%20250,[align-center]INOX%20304,[align-center]250,[align-center]301,[align-center]63,[align-center]52,[align-center]19,[align-center]4%2F40[\/vc_table][\/vc_column_inner][\/vc_row_inner][\/vc_tta_section][vc_tta_section title=&#8221;Descargas&#8221; tab_id=&#8221;1489684039525-5959b006-fe0e&#8221;][vc_column_text]<\/p>\n<h5>Manillon Quiron R\/C<\/h5>\n<div class='w3eden'><blockquote class=\"well c2a3\">\r\n    <div class=\"media\">\r\n        <div class=\"pull-left\" align=\"left\">\r\n            <img decoding=\"async\" class=\"wpdm_icon\"   src=\"https:\/\/inther.es\/wp-content\/plugins\/download-manager\/assets\/file-type-icons\/pdf24x24.jpg\" \/>\r\n        <\/div>\r\n        <div class=\"pull-right\" align=\"right\">\r\n            <a class='wpdm-download-link wpdm-download-locked [btnclass]' rel='nofollow' href='#' onclick=\"location.href='https:\/\/inther.es\/en\/wpdm-package\/ficha-tecnica-manillon-quiron-r-ces\/?wpdmdl=4614';return false;\">Download<\/a>\r\n        <\/div>\r\n\t\tFicha T\u00e9cnica.\r\n        <div class=\"media-body\">\r\n            <h3 class=\"media-heading\" style=\"padding-top: 0px;border:0px;margin: 0 0 5px 0;font-size:12pt;\">\r\n\t\t\t\t<span style=\"margin-left:20px;font-size:8pt;font-weight:320;font-family:Arial;color:#A1A1A1;\">\r\n\t\t\t\t\t<i style=\"margin: 2px 0 0 5px;opacity:0.5\" class=\"fa fa-th-large\"><\/i> 927.34 KB <i style=\"margin: 2px 0 0 5px;opacity:0.5\" class=\"fa fa-download\"><\/i> 523 descargas\r\n\t\t\t\t\t<i style=\"margin: 2px 0 0 5px;opacity:0.5\" class=\"fa fa-file-o\" aria-hidden=\"true\"><\/i> Versi\u00f3n 2.1\r\n\t\t\t\t<\/span>\r\n\t\t\t<\/h3>\r\n        <\/div>\r\n    <\/div>\r\n<\/blockquote>\r\n<style>.well.c2a3 .btn.wpdm-download-link{ padding: 11px 5px;font-size: 11pt; } .well.c2a3 .media-body{ font-size: 11pt; } .well.c2a3 .wpdm_icon{ height: 42px; width: auto; }<\/style><\/div>[\/vc_column_text][\/vc_tta_section][\/vc_tta_tabs][\/vc_column][\/vc_row]<\/p>","protected":false},"excerpt":{"rendered":"<p>[vc_row][vc_column width=&#8221;1\/2&#8243;][\/vc_column][vc_column width=&#8221;1\/2&#8243;][vc_row_inner][vc_column_inner][vc_column_text] Manill\u00f3n Quiron R\/C [\/vc_column_text][\/vc_column_inner][\/vc_row_inner][vc_tta_tabs][vc_tta_section title=&#8221;Descripci\u00f3n&#8221; tab_id=&#8221;1489683918685-3245c16f-6b3e&#8221;][vc_column_text] Manillon Quiron R\/C [\/vc_column_text][\/vc_tta_section][vc_tta_section title=&#8221;Caracter\u00edsticas&#8221; tab_id=&#8221;1489683918833-7493536c-1274&#8243;][vc_row_inner][vc_column_inner][vc_column_text] Caracter\u00edsticas t\u00e9cnicas [\/vc_column_text][vc_table vc_table_theme=&#8221;classic&#8221; el_class=&#8221;tabla-codigos&#8221;][align-center]C%C3%B3digo,[align-center]Descripci%C3%B3n,[align-center]Acabado,[align-center]C,[align-center]L,[align-center]H,[align-center]A,[align-center]%E2%8D%81,[align-center]Set|[align-center]07126,[align-center]MANILL%C3%93N%20QUIRON%20R%2FC%20200,[align-center]INOX%20304,[align-center]200,[align-center]251,[align-center]63,[align-center]52,[align-center]19,[align-center]4%2F40|[align-center]07127,[align-center]MANILL%C3%93N%20QUIRON%20R%2FC%20250,[align-center]INOX%20304,[align-center]250,[align-center]301,[align-center]63,[align-center]52,[align-center]19,[align-center]4%2F40[\/vc_table][\/vc_column_inner][\/vc_row_inner][\/vc_tta_section][vc_tta_section title=&#8221;Descargas&#8221; tab_id=&#8221;1489684039525-5959b006-fe0e&#8221;][vc_column_text] Manillon Quiron R\/C [\/vc_column_text][\/vc_tta_section][\/vc_tta_tabs][\/vc_column][\/vc_row]<\/p>\n","protected":false},"featured_media":4398,"template":"","meta":[],"product_brand":[],"product_cat":[555,37],"product_tag":[],"class_list":{"0":"post-3263","1":"product","2":"type-product","3":"status-publish","4":"has-post-thumbnail","6":"product_cat-manillas_y_accesorios","7":"product_cat-manillones","9":"first","10":"instock","11":"shipping-taxable","12":"product-type-simple"},"_links":{"self":[{"href":"https:\/\/inther.es\/en\/wp-json\/wp\/v2\/product\/3263","targetHints":{"allow":["GET"]}}],"collection":[{"href":"https:\/\/inther.es\/en\/wp-json\/wp\/v2\/product"}],"about":[{"href":"https:\/\/inther.es\/en\/wp-json\/wp\/v2\/types\/product"}],"wp:featuredmedia":[{"embeddable":true,"href":"https:\/\/inther.es\/en\/wp-json\/wp\/v2\/media\/4398"}],"wp:attachment":[{"href":"https:\/\/inther.es\/en\/wp-json\/wp\/v2\/media?parent=3263"}],"wp:term":[{"taxonomy":"product_brand","embeddable":true,"href":"https:\/\/inther.es\/en\/wp-json\/wp\/v2\/product_brand?post=3263"},{"taxonomy":"product_cat","embeddable":true,"href":"https:\/\/inther.es\/en\/wp-json\/wp\/v2\/product_cat?post=3263"},{"taxonomy":"product_tag","embeddable":true,"href":"https:\/\/inther.es\/en\/wp-json\/wp\/v2\/product_tag?post=3263"}],"curies":[{"name":"wp","href":"https:\/\/api.w.org\/{rel}","templated":true}]}}