{"id":4917,"date":"2017-06-19T16:38:07","date_gmt":"2017-06-19T15:38:07","guid":{"rendered":"http:\/\/inther.es\/productos\/kit-correderas\/kit-cond\/"},"modified":"2023-04-04T15:38:58","modified_gmt":"2023-04-04T14:38:58","slug":"kit-cond","status":"publish","type":"product","link":"https:\/\/inther.es\/en\/kit-correderas\/kit-cond\/","title":{"rendered":"Kit Cond"},"content":{"rendered":"<p>\r\n        <div class=\"media-body\">\r\n            <h3 class=\"media-heading\" style=\"padding-top: 0px;border:0px;margin: 0 0 5px 0;font-size:12pt;\">\r\n\t\t\t\t<span style=\"margin-left:20px;font-size:8pt;font-weight:320;font-family:Arial;color:#A1A1A1;\">\r\n\t\t\t\t\t<i style=\"margin: 2px 0 0 5px;opacity:0.5\" class=\"fa fa-th-large\"><\/i> 89.20 KB <i style=\"margin: 2px 0 0 5px;opacity:0.5\" class=\"fa fa-download\"><\/i> 998 descargas\r\n\t\t\t\t\t<i style=\"margin: 2px 0 0 5px;opacity:0.5\" class=\"fa fa-file-o\" aria-hidden=\"true\"><\/i> Versi\u00f3n 3.0\r\n\t\t\t\t<\/span>\r\n\t\t\t<\/h3>\r\n        <\/div>\r\n    <\/div>\r\n<\/blockquote>\r\n<style>.well.c2a3 .btn.wpdm-download-link{ padding: 11px 5px;font-size: 11pt; } .well.c2a3 .media-body{ font-size: 11pt; } .well.c2a3 .wpdm_icon{ height: 42px; width: auto; }<\/style><\/div>[\/vc_column_text][\/vc_tta_section][\/vc_tta_tabs][\/vc_column][\/vc_row][vc_row][vc_column width=&#8221;1\/2&#8243;]<div class=\"cqcarousel-container \" data-slidestoshow=\"\" data-thumbstoshow=\"5\" data-dots=\"no\" data-arrows=\"no\" data-isgallery=\"is-gallery\" data-largeimagearrows=\"no\" data-autoplay=\"\" data-autoplayspeed=\"\" data-containerwidth=\"\" data-containermaxwidth=\"\" data-imgnum=\"5\" data-bottomversion=\"\" data-dotbottom=\"\"><div class=\"carousel-gallery\"><div><img decoding=\"async\" src=\"https:\/\/inther.es\/wp-content\/uploads\/2017\/06\/KIT-COND-CUAD.jpg\" alt=\"\" \/><\/div><div><img decoding=\"async\" src=\"https:\/\/inther.es\/wp-content\/uploads\/2017\/06\/KIT-COND-RED.jpg\" alt=\"\" \/><\/div><div><img decoding=\"async\" src=\"https:\/\/inther.es\/wp-content\/uploads\/2017\/06\/kit-coirredera-cond-esquema1.jpg\" alt=\"\" \/><\/div><div><img decoding=\"async\" src=\"https:\/\/inther.es\/wp-content\/uploads\/2017\/06\/kit-coirredera-cond-esquema2.jpg\" alt=\"\" \/><\/div><div><img decoding=\"async\" src=\"https:\/\/inther.es\/wp-content\/uploads\/2017\/06\/kit-coirredera-cond-esquema3.jpg\" alt=\"\" \/><\/div><\/div><div class=\"carousel-thumb is-gallery\"><div title=\"\"><img decoding=\"async\" src=\"https:\/\/inther.es\/wp-content\/uploads\/2017\/06\/KIT-COND-CUAD-100x100.jpg\" alt=\"\" \/><\/div><div title=\"\"><img decoding=\"async\" src=\"https:\/\/inther.es\/wp-content\/uploads\/2017\/06\/KIT-COND-RED-100x100.jpg\" alt=\"\" \/><\/div><div title=\"\"><img decoding=\"async\" src=\"https:\/\/inther.es\/wp-content\/uploads\/2017\/06\/kit-coirredera-cond-esquema1-100x100.jpg\" alt=\"\" \/><\/div><div title=\"\"><img decoding=\"async\" src=\"https:\/\/inther.es\/wp-content\/uploads\/2017\/06\/kit-coirredera-cond-esquema2-100x100.jpg\" alt=\"\" \/><\/div><div title=\"\"><img decoding=\"async\" src=\"https:\/\/inther.es\/wp-content\/uploads\/2017\/06\/kit-coirredera-cond-esquema3-100x100.jpg\" alt=\"\" \/><\/div><\/div><\/div>[\/vc_column][vc_column width=&#8221;1\/2&#8243;][vc_row_inner][vc_column_inner][vc_column_text]<\/p>\n<h1>Kit corredera Cond<\/h1>\n<p>[\/vc_column_text][\/vc_column_inner][\/vc_row_inner][vc_tta_tabs][vc_tta_section title=&#8221;Caracter\u00edsticas&#8221; tab_id=&#8221;1489683918833-7493536c-1274&#8243;][vc_row_inner][vc_column_inner][vc_column_text]<\/p>\n<h3>Caracter\u00edsticas t\u00e9cnicas<\/h3>\n<p>\u2022 \u00a0Kit corredera standard.[\/vc_column_text][\/vc_column_inner][\/vc_row_inner][vc_row_inner][vc_column_inner][vc_single_image image=&#8221;7599&#8243; img_size=&#8221;medium&#8221; alignment=&#8221;center&#8221;][\/vc_column_inner][\/vc_row_inner][vc_row_inner][vc_column_inner][vc_table vc_table_theme=&#8221;classic&#8221; el_class=&#8221;tabla-codigos&#8221;][align-center;b]C%C3%B3digo,[align-center;b]Descripci%C3%B3n,Tipo,[align-center;b]Acabado,[align-center;b]Set|[align-center]09421,[align-center]Kit%20corredera%20Cond.%20Cuadrada,[align-center]C%2FC,[align-center]NS,[align-center]1%2F40|[align-center]03325,[align-center]Kit%20corredera%20Cond.%20Redonda,[align-center]C%2FR,[align-center]NS,[align-center]1%2F40|[align-center]01418,[align-center]Kit%20corredera%20Cond.%20Redonda,[align-center]C%2FR,[align-center]CR,[align-center]1%2F40|[align-center]09420,[align-center]Kit%20corredera%20Cond.%20Cuadrada,[align-center]C%2FC,[align-center]LP,[align-center]1%2F40|[align-center]67020,[align-center]Kit%20corredera%20Cond.%20Redonda,[align-center]C%2FR,[align-center]LP,[align-center]1%2F40|[align-center]09485,[align-center]Kit%20corredera%20Cond.%20Cuadrada,[align-center]C%2FC,[align-center]LS,[align-center]1%2F40|[align-center]03766,[align-center]Kit%20corredera%20Cond.%20Redonda,[align-center]C%2FR,[align-center]LS,[align-center]1%2F40|[align-center]09484,[align-center]Kit%20corredera%20Cond.%20Cuadrada,[align-center]C%2FC,[align-center]CM,[align-center]1%2F40|[align-center]67021,[align-center]Kit%20corredera%20Cond.%20Redonda,[align-center]C%2FR,[align-center]CM,[align-center]1%2F40|[align-center]01419,[align-center]Kit%20corredera%20Cond.%20Redonda,[align-center]C%2FR,[align-center]CS,[align-center]1%2F40|05775,Kit%20corredera%20Cond.%20Redonda,C%2FR,NE,1%2F40[\/vc_table][\/vc_column_inner][\/vc_row_inner][\/vc_tta_section][vc_tta_section title=&#8221;Descargas&#8221; tab_id=&#8221;1489684039525-5959b006-fe0e&#8221;][vc_column_text]Kit corredera Cond(En)[\/vc_column_text][\/vc_tta_section][\/vc_tta_tabs][\/vc_column][\/vc_row]<\/p>","protected":false},"excerpt":{"rendered":"<p>[vc_row][vc_column width=&#8221;1\/2&#8243;][\/vc_column][vc_column width=&#8221;1\/2&#8243;][vc_row_inner][vc_column_inner][vc_column_text] Kit corredera Cond [\/vc_column_text][\/vc_column_inner][\/vc_row_inner][vc_tta_tabs][vc_tta_section title=&#8221;Caracter\u00edsticas&#8221; tab_id=&#8221;1489683918833-7493536c-1274&#8243;][vc_row_inner][vc_column_inner][vc_column_text] Caracter\u00edsticas t\u00e9cnicas \u2022 \u00a0Kit corredera standard.[\/vc_column_text][\/vc_column_inner][\/vc_row_inner][vc_row_inner][vc_column_inner][vc_single_image image=&#8221;7599&#8243; img_size=&#8221;medium&#8221; alignment=&#8221;center&#8221;][\/vc_column_inner][\/vc_row_inner][vc_row_inner][vc_column_inner][vc_table vc_table_theme=&#8221;classic&#8221; el_class=&#8221;tabla-codigos&#8221;][align-center;b]C%C3%B3digo,[align-center;b]Descripci%C3%B3n,Tipo,[align-center;b]Acabado,[align-center;b]Set|[align-center]09421,[align-center]Kit%20corredera%20Cond.%20Cuadrada,[align-center]C%2FC,[align-center]NS,[align-center]1%2F40|[align-center]03325,[align-center]Kit%20corredera%20Cond.%20Redonda,[align-center]C%2FR,[align-center]NS,[align-center]1%2F40|[align-center]01418,[align-center]Kit%20corredera%20Cond.%20Redonda,[align-center]C%2FR,[align-center]CR,[align-center]1%2F40|[align-center]09420,[align-center]Kit%20corredera%20Cond.%20Cuadrada,[align-center]C%2FC,[align-center]LP,[align-center]1%2F40|[align-center]67020,[align-center]Kit%20corredera%20Cond.%20Redonda,[align-center]C%2FR,[align-center]LP,[align-center]1%2F40|[align-center]09485,[align-center]Kit%20corredera%20Cond.%20Cuadrada,[align-center]C%2FC,[align-center]LS,[align-center]1%2F40|[align-center]03766,[align-center]Kit%20corredera%20Cond.%20Redonda,[align-center]C%2FR,[align-center]LS,[align-center]1%2F40|[align-center]09484,[align-center]Kit%20corredera%20Cond.%20Cuadrada,[align-center]C%2FC,[align-center]CM,[align-center]1%2F40|[align-center]67021,[align-center]Kit%20corredera%20Cond.%20Redonda,[align-center]C%2FR,[align-center]CM,[align-center]1%2F40|[align-center]01419,[align-center]Kit%20corredera%20Cond.%20Redonda,[align-center]C%2FR,[align-center]CS,[align-center]1%2F40|05775,Kit%20corredera%20Cond.%20Redonda,C%2FR,NE,1%2F40[\/vc_table][\/vc_column_inner][\/vc_row_inner][\/vc_tta_section][vc_tta_section title=&#8221;Descargas&#8221; tab_id=&#8221;1489684039525-5959b006-fe0e&#8221;][vc_column_text]Kit corredera Cond(En)[\/vc_column_text][\/vc_tta_section][\/vc_tta_tabs][\/vc_column][\/vc_row]<\/p>\n","protected":false},"featured_media":9260,"template":"","meta":[],"product_brand":[],"product_cat":[33],"product_tag":[],"class_list":{"0":"post-4917","1":"product","2":"type-product","3":"status-publish","4":"has-post-thumbnail","6":"product_cat-kit-correderas","8":"first","9":"instock","10":"shipping-taxable","11":"product-type-simple"},"_links":{"self":[{"href":"https:\/\/inther.es\/en\/wp-json\/wp\/v2\/product\/4917","targetHints":{"allow":["GET"]}}],"collection":[{"href":"https:\/\/inther.es\/en\/wp-json\/wp\/v2\/product"}],"about":[{"href":"https:\/\/inther.es\/en\/wp-json\/wp\/v2\/types\/product"}],"wp:featuredmedia":[{"embeddable":true,"href":"https:\/\/inther.es\/en\/wp-json\/wp\/v2\/media\/9260"}],"wp:attachment":[{"href":"https:\/\/inther.es\/en\/wp-json\/wp\/v2\/media?parent=4917"}],"wp:term":[{"taxonomy":"product_brand","embeddable":true,"href":"https:\/\/inther.es\/en\/wp-json\/wp\/v2\/product_brand?post=4917"},{"taxonomy":"product_cat","embeddable":true,"href":"https:\/\/inther.es\/en\/wp-json\/wp\/v2\/product_cat?post=4917"},{"taxonomy":"product_tag","embeddable":true,"href":"https:\/\/inther.es\/en\/wp-json\/wp\/v2\/product_tag?post=4917"}],"curies":[{"name":"wp","href":"https:\/\/api.w.org\/{rel}","templated":true}]}}