{"id":4951,"date":"2017-06-21T12:32:31","date_gmt":"2017-06-21T11:32:31","guid":{"rendered":"http:\/\/inther.es\/productos\/antipanico\/electroiman\/"},"modified":"2020-11-11T12:10:36","modified_gmt":"2020-11-11T11:10:36","slug":"electroiman","status":"publish","type":"product","link":"https:\/\/inther.es\/en\/cierrapuertas\/electroiman\/","title":{"rendered":"Electroim\u00e1n"},"content":{"rendered":"<p>[vc_row][vc_column width=&#8221;1\/2&#8243;]<div class=\"cqcarousel-container \" data-slidestoshow=\"\" data-thumbstoshow=\"5\" data-dots=\"no\" data-arrows=\"no\" data-isgallery=\"is-gallery\" data-largeimagearrows=\"no\" data-autoplay=\"\" data-autoplayspeed=\"\" data-containerwidth=\"\" data-containermaxwidth=\"\" data-imgnum=\"1\" data-bottomversion=\"\" data-dotbottom=\"\"><div class=\"carousel-gallery\"><div><img decoding=\"async\" src=\"https:\/\/inther.es\/wp-content\/uploads\/2019\/04\/electroiman_categoria.jpg\" alt=\"\" \/><\/div><\/div><div class=\"carousel-thumb is-gallery\"><div title=\"\"><img decoding=\"async\" src=\"https:\/\/inther.es\/wp-content\/uploads\/2019\/04\/electroiman_categoria-100x100.jpg\" alt=\"\" \/><\/div><\/div><\/div>[\/vc_column][vc_column width=&#8221;1\/2&#8243;][vc_row_inner][vc_column_inner][vc_column_text]<\/p>\n<h1>Electroim\u00e1n<\/h1>\n<p>[\/vc_column_text][\/vc_column_inner][\/vc_row_inner][vc_tta_tabs][vc_tta_section title=&#8221;Descripci\u00f3n&#8221; tab_id=&#8221;1489683918685-3245c16f-6b3e&#8221;][vc_column_text]<\/p>\n<div id=\"stcpDiv\">\n<div id=\"stcpDiv\">\n<p><strong>Electroim\u00e1n para puerta cortafuegos<\/strong> dotado de pulsador manual, retiene la puerta de forma electromagn\u00e9tica. Al actuar la centralita de control, libera la puerta para su ciere.<\/p>\n<p>Est\u00e1 certificado para puertas RF seg\u00fan la norma EN 1634-1 y marcado CE EN 1155.<\/p>\n<\/div>\n<\/div>\n<p>[\/vc_column_text][\/vc_tta_section][vc_tta_section title=&#8221;Caracter\u00edsticas&#8221; tab_id=&#8221;1489683918833-7493536c-1274&#8243;][vc_row_inner][vc_column_inner][vc_column_text]<\/p>\n<h3>Caracter\u00edsticas t\u00e9cnicas<\/h3>\n<p>[\/vc_column_text][vc_column_text]\u2022 Dispositivo de retenci\u00f3n electromagn\u00e9tica para puertas cortafuegos.<\/p>\n<p>\u2022 Marcado CE EN1155.<\/p>\n<p>\u2022 Cuerpo de Aluminio.<\/p>\n<p>\u2022 Producido enteramente en acero para uso intensivo.<\/p>\n<p>\u2022 Perno contra magnetismo residual en el cuerpo del im\u00e1n.<\/p>\n<p>\u2022 Conector con varistor antiparasitario.<\/p>\n<p>\u2022 Dotado de pulsador manual.<\/p>\n<p>\u2022 Anclaje articulado para retenedores electromagn\u00e9ticos completamente de acero.<\/p>\n<p>\u2022 Alimentaci\u00f3n: 24Vcc<\/p>\n<p>\u2022 Corriente Absorbida: 70mA<\/p>\n<p>\u2022 Fuerza de retenci\u00f3n: &gt;55Kg.[\/vc_column_text][\/vc_column_inner][\/vc_row_inner][vc_row_inner][vc_column_inner][vc_single_image image=&#8221;4956&#8243; img_size=&#8221;full&#8221; alignment=&#8221;center&#8221; el_class=&#8221;iconos&#8221;][\/vc_column_inner][\/vc_row_inner][vc_row_inner][vc_column_inner][vc_table vc_table_theme=&#8221;classic&#8221; el_class=&#8221;tabla-codigos&#8221;][align-center]C%C3%B3digo,[align-center]Descripci%C3%B3n,[align-center]Set|[align-center]13758,[align-center]ELECTROIM%C3%81N%2024v.,[align-center]1[\/vc_table][\/vc_column_inner][\/vc_row_inner][\/vc_tta_section][vc_tta_section title=&#8221;Descargas&#8221; tab_id=&#8221;1489684039525-5959b006-fe0e&#8221;][vc_column_text]Electroim\u00e1n<\/p>\n<div class='w3eden'><blockquote class=\"well c2a3\">\r\n    <div class=\"media\">\r\n        <div class=\"pull-left\" align=\"left\">\r\n            <img decoding=\"async\" class=\"wpdm_icon\"   src=\"https:\/\/inther.es\/wp-content\/plugins\/download-manager\/assets\/file-type-icons\/pdf24x24.jpg\" \/>\r\n        <\/div>\r\n        <div class=\"pull-right\" align=\"right\">\r\n            <a class='wpdm-download-link wpdm-download-locked [btnclass]' rel='nofollow' href='#' onclick=\"location.href='https:\/\/inther.es\/en\/wpdm-package\/ficha-tecnica-antipanico-electroiman\/?wpdmdl=5062';return false;\">Download<\/a>\r\n        <\/div>\r\n\t\tFicha T\u00e9cnica\r\n        <div class=\"media-body\">\r\n            <h3 class=\"media-heading\" style=\"padding-top: 0px;border:0px;margin: 0 0 5px 0;font-size:12pt;\">\r\n\t\t\t\t<span style=\"margin-left:20px;font-size:8pt;font-weight:320;font-family:Arial;color:#A1A1A1;\">\r\n\t\t\t\t\t<i style=\"margin: 2px 0 0 5px;opacity:0.5\" class=\"fa fa-th-large\"><\/i> 82.48 KB <i style=\"margin: 2px 0 0 5px;opacity:0.5\" class=\"fa fa-download\"><\/i> 867 descargas\r\n\t\t\t\t\t<i style=\"margin: 2px 0 0 5px;opacity:0.5\" class=\"fa fa-file-o\" aria-hidden=\"true\"><\/i> Versi\u00f3n 2.1\r\n\t\t\t\t<\/span>\r\n\t\t\t<\/h3>\r\n        <\/div>\r\n    <\/div>\r\n<\/blockquote>\r\n<style>.well.c2a3 .btn.wpdm-download-link{ padding: 11px 5px;font-size: 11pt; } .well.c2a3 .media-body{ font-size: 11pt; } .well.c2a3 .wpdm_icon{ height: 42px; width: auto; }<\/style><\/div>[\/vc_column_text][\/vc_tta_section][\/vc_tta_tabs][\/vc_column][\/vc_row]<\/p>","protected":false},"excerpt":{"rendered":"<p>[vc_row][vc_column width=&#8221;1\/2&#8243;][\/vc_column][vc_column width=&#8221;1\/2&#8243;][vc_row_inner][vc_column_inner][vc_column_text] Electroim\u00e1n [\/vc_column_text][\/vc_column_inner][\/vc_row_inner][vc_tta_tabs][vc_tta_section title=&#8221;Descripci\u00f3n&#8221; tab_id=&#8221;1489683918685-3245c16f-6b3e&#8221;][vc_column_text] Electroim\u00e1n para puerta cortafuegos dotado de pulsador manual, retiene la puerta de forma electromagn\u00e9tica. Al actuar la centralita de<span class=\"excerpt-hellip\"> [\u2026]<\/span><\/p>\n","protected":false},"featured_media":7305,"template":"","meta":[],"product_brand":[],"product_cat":[304,219,122,19],"product_tag":[],"class_list":{"0":"post-4951","1":"product","2":"type-product","3":"status-publish","4":"has-post-thumbnail","6":"product_cat-accesorios","7":"product_cat-accesorios-cierrapuertas","8":"product_cat-antipanico","9":"product_cat-cierrapuertas","11":"first","12":"instock","13":"shipping-taxable","14":"product-type-simple"},"_links":{"self":[{"href":"https:\/\/inther.es\/en\/wp-json\/wp\/v2\/product\/4951","targetHints":{"allow":["GET"]}}],"collection":[{"href":"https:\/\/inther.es\/en\/wp-json\/wp\/v2\/product"}],"about":[{"href":"https:\/\/inther.es\/en\/wp-json\/wp\/v2\/types\/product"}],"wp:featuredmedia":[{"embeddable":true,"href":"https:\/\/inther.es\/en\/wp-json\/wp\/v2\/media\/7305"}],"wp:attachment":[{"href":"https:\/\/inther.es\/en\/wp-json\/wp\/v2\/media?parent=4951"}],"wp:term":[{"taxonomy":"product_brand","embeddable":true,"href":"https:\/\/inther.es\/en\/wp-json\/wp\/v2\/product_brand?post=4951"},{"taxonomy":"product_cat","embeddable":true,"href":"https:\/\/inther.es\/en\/wp-json\/wp\/v2\/product_cat?post=4951"},{"taxonomy":"product_tag","embeddable":true,"href":"https:\/\/inther.es\/en\/wp-json\/wp\/v2\/product_tag?post=4951"}],"curies":[{"name":"wp","href":"https:\/\/api.w.org\/{rel}","templated":true}]}}