{"id":5809,"date":"2017-10-16T12:01:58","date_gmt":"2017-10-16T11:01:58","guid":{"rendered":"https:\/\/inther.es\/?post_type=product&#038;p=5809"},"modified":"2018-03-20T09:20:39","modified_gmt":"2018-03-20T08:20:39","slug":"u202","status":"publish","type":"product","link":"https:\/\/inther.es\/en\/cerraduras-mecanicas\/u202\/","title":{"rendered":"U202"},"content":{"rendered":"<p>\r\n        <div class=\"media-body\">\r\n            <h3 class=\"media-heading\" style=\"padding-top: 0px;border:0px;margin: 0 0 5px 0;font-size:12pt;\">\r\n\t\t\t\t<span style=\"margin-left:20px;font-size:8pt;font-weight:320;font-family:Arial;color:#A1A1A1;\">\r\n\t\t\t\t\t<i style=\"margin: 2px 0 0 5px;opacity:0.5\" class=\"fa fa-th-large\"><\/i> 66.62 KB <i style=\"margin: 2px 0 0 5px;opacity:0.5\" class=\"fa fa-download\"><\/i> 468 descargas\r\n\t\t\t\t\t<i style=\"margin: 2px 0 0 5px;opacity:0.5\" class=\"fa fa-file-o\" aria-hidden=\"true\"><\/i> Versi\u00f3n 2.1\r\n\t\t\t\t<\/span>\r\n\t\t\t<\/h3>\r\n        <\/div>\r\n    <\/div>\r\n<\/blockquote>\r\n<style>.well.c2a3 .btn.wpdm-download-link{ padding: 11px 5px;font-size: 11pt; } .well.c2a3 .media-body{ font-size: 11pt; } .well.c2a3 .wpdm_icon{ height: 42px; width: auto; }<\/style><\/div>\n<p>[\/vc_column_text][\/vc_tta_section][\/vc_tta_tabs][\/vc_column][\/vc_row][vc_row][vc_column width=&#8221;1\/2&#8243;]<div class=\"cqcarousel-container cerraduracont\" data-slidestoshow=\"\" data-thumbstoshow=\"5\" data-dots=\"no\" data-arrows=\"no\" data-isgallery=\"is-gallery\" data-largeimagearrows=\"no\" data-autoplay=\"\" data-autoplayspeed=\"\" data-containerwidth=\"\" data-containermaxwidth=\"\" data-imgnum=\"2\" data-bottomversion=\"\" data-dotbottom=\"\"><div class=\"carousel-gallery\"><div><img decoding=\"async\" src=\"https:\/\/inther.es\/wp-content\/uploads\/2017\/10\/cerradura-u202-1.jpg\" alt=\"Cerradura mec\u00e1nica U202\" \/><\/div><div><img decoding=\"async\" src=\"https:\/\/inther.es\/wp-content\/uploads\/2017\/10\/cerradura-u202-tecnico.jpg\" alt=\"Cerradura mec\u00e1nica U202\" \/><\/div><\/div><div class=\"carousel-thumb is-gallery\"><div title=\"\"><img decoding=\"async\" src=\"https:\/\/inther.es\/wp-content\/uploads\/2017\/10\/cerradura-u202-1-100x100.jpg\" alt=\"Cerradura mec\u00e1nica U202\" \/><\/div><div title=\"\"><img decoding=\"async\" src=\"https:\/\/inther.es\/wp-content\/uploads\/2017\/10\/cerradura-u202-tecnico-100x100.jpg\" alt=\"Cerradura mec\u00e1nica U202\" \/><\/div><\/div><\/div>[\/vc_column][vc_column width=&#8221;1\/2&#8243;][vc_row_inner][vc_column_inner][vc_column_text]<\/p>\n<h1>Cerradura U202<\/h1>\n<p>[\/vc_column_text][\/vc_column_inner][\/vc_row_inner][vc_tta_tabs][vc_tta_section title=&#8221;Descripci\u00f3n&#8221; tab_id=&#8221;1492756979402-9ade5b06-0e83&#8243;][vc_column_text]<\/p>\n<ul>\n<li>Cerradura de Embutir.<\/li>\n<li><strong>Distancia entre ejes 70mm.<\/strong><\/li>\n<\/ul>\n<p>[\/vc_column_text][\/vc_tta_section][vc_tta_section title=&#8221;Caracter\u00edsticas&#8221; tab_id=&#8221;1489683918833-7493536c-1274&#8243;][vc_row_inner][vc_column_inner][vc_column_text]<\/p>\n<h3>Caracter\u00edsticas t\u00e9cnicas<\/h3>\n<p>[\/vc_column_text][vc_table el_class=&#8221;caracteristicas-tecnicas&#8221;]Entrada%2050|Eje%2070%20mm|Nueca%20metal%20porcel%C3%A1nico|Resbal%C3%B3n%20de%20acero[\/vc_table][vc_table vc_table_theme=&#8221;classic&#8221; el_class=&#8221;tabla-codigos&#8221;]C%C3%B3digo,Descripci%C3%B3n,Entrada,[align-center]Canto,[align-center]Acabado,Set|[align-center]09306,[align-center]Cerradura%20U202,[align-center]50,[align-center]CR,[align-center]HL,[align-center]1%2F50|[align-center]09307,[align-center]Cerradura%20U202,[align-center]50,[align-center]CR,[align-center]NS,[align-center]1%2F50[\/vc_table][\/vc_column_inner][\/vc_row_inner][\/vc_tta_section][vc_tta_section title=&#8221;Descargas&#8221; tab_id=&#8221;1492446150859-dc3ae29b-f7a0&#8243;][vc_column_text]<\/p>\n<h5>Cerradura U202<\/h5>\n<p style=\"text-align: left;\"><div class='w3eden'><blockquote class=\"well c2a3\">\r\n    <div class=\"media\">\r\n        <div class=\"pull-left\" align=\"left\">\r\n            <img decoding=\"async\" class=\"wpdm_icon\"   src=\"https:\/\/inther.es\/wp-content\/plugins\/download-manager\/assets\/file-type-icons\/pdf24x24.jpg\" \/>\r\n        <\/div>\r\n        <div class=\"pull-right\" align=\"right\">\r\n            <a class='wpdm-download-link wpdm-download-locked [btnclass]' rel='nofollow' href='#' onclick=\"location.href='https:\/\/inther.es\/en\/wpdm-package\/cerradura-u202\/?wpdmdl=5812';return false;\">Download<\/a>\r\n        <\/div>\r\n\t\t\r\n        <div class=\"media-body\">\r\n            <h3 class=\"media-heading\" style=\"padding-top: 0px;border:0px;margin: 0 0 5px 0;font-size:12pt;\">\r\n\t\t\t\t<span style=\"margin-left:20px;font-size:8pt;font-weight:320;font-family:Arial;color:#A1A1A1;\">\r\n\t\t\t\t\t<i style=\"margin: 2px 0 0 5px;opacity:0.5\" class=\"fa fa-th-large\"><\/i> 66.62 KB <i style=\"margin: 2px 0 0 5px;opacity:0.5\" class=\"fa fa-download\"><\/i> 468 descargas\r\n\t\t\t\t\t<i style=\"margin: 2px 0 0 5px;opacity:0.5\" class=\"fa fa-file-o\" aria-hidden=\"true\"><\/i> Versi\u00f3n 2.1\r\n\t\t\t\t<\/span>\r\n\t\t\t<\/h3>\r\n        <\/div>\r\n    <\/div>\r\n<\/blockquote>\r\n<style>.well.c2a3 .btn.wpdm-download-link{ padding: 11px 5px;font-size: 11pt; } .well.c2a3 .media-body{ font-size: 11pt; } .well.c2a3 .wpdm_icon{ height: 42px; width: auto; }<\/style><\/div>\n<p>[\/vc_column_text][\/vc_tta_section][\/vc_tta_tabs][\/vc_column][\/vc_row]\r\n        <div class=\"media-body\">\r\n            <h3 class=\"media-heading\" style=\"padding-top: 0px;border:0px;margin: 0 0 5px 0;font-size:12pt;\">\r\n\t\t\t\t<span style=\"margin-left:20px;font-size:8pt;font-weight:320;font-family:Arial;color:#A1A1A1;\">\r\n\t\t\t\t\t<i style=\"margin: 2px 0 0 5px;opacity:0.5\" class=\"fa fa-th-large\"><\/i> 66.62 KB <i style=\"margin: 2px 0 0 5px;opacity:0.5\" class=\"fa fa-download\"><\/i> 468 descargas\r\n\t\t\t\t\t<i style=\"margin: 2px 0 0 5px;opacity:0.5\" class=\"fa fa-file-o\" aria-hidden=\"true\"><\/i> Versi\u00f3n 2.1\r\n\t\t\t\t<\/span>\r\n\t\t\t<\/h3>\r\n        <\/div>\r\n    <\/div>\r\n<\/blockquote>\r\n<style>.well.c2a3 .btn.wpdm-download-link{ padding: 11px 5px;font-size: 11pt; } .well.c2a3 .media-body{ font-size: 11pt; } .well.c2a3 .wpdm_icon{ height: 42px; width: auto; }<\/style><\/div>\n<p>[\/vc_column_text][\/vc_tta_section][\/vc_tta_tabs][\/vc_column][\/vc_row]<\/p>","protected":false},"excerpt":{"rendered":"<p>[vc_row][vc_column width=&#8221;1\/2&#8243;][\/vc_column][vc_column width=&#8221;1\/2&#8243;][vc_row_inner][vc_column_inner][vc_column_text] Cerradura U202 [\/vc_column_text][\/vc_column_inner][\/vc_row_inner][vc_tta_tabs][vc_tta_section title=&#8221;Descripci\u00f3n&#8221; tab_id=&#8221;1492756979402-9ade5b06-0e83&#8243;][vc_column_text] Cerradura de Embutir. Distancia entre ejes 70mm. [\/vc_column_text][\/vc_tta_section][vc_tta_section title=&#8221;Caracter\u00edsticas&#8221; tab_id=&#8221;1489683918833-7493536c-1274&#8243;][vc_row_inner][vc_column_inner][vc_column_text] Caracter\u00edsticas t\u00e9cnicas [\/vc_column_text][vc_table el_class=&#8221;caracteristicas-tecnicas&#8221;]Entrada%2050|Eje%2070%20mm|Nueca%20metal%20porcel%C3%A1nico|Resbal%C3%B3n%20de%20acero[\/vc_table][vc_table vc_table_theme=&#8221;classic&#8221; el_class=&#8221;tabla-codigos&#8221;]C%C3%B3digo,Descripci%C3%B3n,Entrada,[align-center]Canto,[align-center]Acabado,Set|[align-center]09306,[align-center]Cerradura%20U202,[align-center]50,[align-center]CR,[align-center]HL,[align-center]1%2F50|[align-center]09307,[align-center]Cerradura%20U202,[align-center]50,[align-center]CR,[align-center]NS,[align-center]1%2F50[\/vc_table][\/vc_column_inner][\/vc_row_inner][\/vc_tta_section][vc_tta_section title=&#8221;Descargas&#8221; tab_id=&#8221;1492446150859-dc3ae29b-f7a0&#8243;][vc_column_text]<span class=\"excerpt-hellip\"> [\u2026]<\/span><\/p>\n","protected":false},"featured_media":5813,"template":"","meta":[],"product_brand":[],"product_cat":[32,139],"product_tag":[],"class_list":{"0":"post-5809","1":"product","2":"type-product","3":"status-publish","4":"has-post-thumbnail","6":"product_cat-cerraduras-mecanicas","7":"product_cat-cerraduras-serie-u","9":"first","10":"instock","11":"shipping-taxable","12":"product-type-simple"},"_links":{"self":[{"href":"https:\/\/inther.es\/en\/wp-json\/wp\/v2\/product\/5809","targetHints":{"allow":["GET"]}}],"collection":[{"href":"https:\/\/inther.es\/en\/wp-json\/wp\/v2\/product"}],"about":[{"href":"https:\/\/inther.es\/en\/wp-json\/wp\/v2\/types\/product"}],"wp:featuredmedia":[{"embeddable":true,"href":"https:\/\/inther.es\/en\/wp-json\/wp\/v2\/media\/5813"}],"wp:attachment":[{"href":"https:\/\/inther.es\/en\/wp-json\/wp\/v2\/media?parent=5809"}],"wp:term":[{"taxonomy":"product_brand","embeddable":true,"href":"https:\/\/inther.es\/en\/wp-json\/wp\/v2\/product_brand?post=5809"},{"taxonomy":"product_cat","embeddable":true,"href":"https:\/\/inther.es\/en\/wp-json\/wp\/v2\/product_cat?post=5809"},{"taxonomy":"product_tag","embeddable":true,"href":"https:\/\/inther.es\/en\/wp-json\/wp\/v2\/product_tag?post=5809"}],"curies":[{"name":"wp","href":"https:\/\/api.w.org\/{rel}","templated":true}]}}