{"id":6082,"date":"2017-10-31T16:38:15","date_gmt":"2017-10-31T15:38:15","guid":{"rendered":"https:\/\/inther.es\/?post_type=product&#038;p=6082"},"modified":"2017-10-31T17:00:15","modified_gmt":"2017-10-31T16:00:15","slug":"demon-vidrio","status":"publish","type":"product","link":"https:\/\/inther.es\/en\/sistemas-deslizantes-puertas-cristal\/demon-vidrio\/","title":{"rendered":"Demon Vidrio"},"content":{"rendered":"<p>\r\n        <div class=\"media-body\">\r\n            <h3 class=\"media-heading\" style=\"padding-top: 0px;border:0px;margin: 0 0 5px 0;font-size:12pt;\">\r\n\t\t\t\t<span style=\"margin-left:20px;font-size:8pt;font-weight:320;font-family:Arial;color:#A1A1A1;\">\r\n\t\t\t\t\t<i style=\"margin: 2px 0 0 5px;opacity:0.5\" class=\"fa fa-th-large\"><\/i> 4.95 MB <i style=\"margin: 2px 0 0 5px;opacity:0.5\" class=\"fa fa-download\"><\/i> 607 descargas\r\n\t\t\t\t\t<i style=\"margin: 2px 0 0 5px;opacity:0.5\" class=\"fa fa-file-o\" aria-hidden=\"true\"><\/i> Versi\u00f3n 2.1\r\n\t\t\t\t<\/span>\r\n\t\t\t<\/h3>\r\n        <\/div>\r\n    <\/div>\r\n<\/blockquote>\r\n<style>.well.c2a3 .btn.wpdm-download-link{ padding: 11px 5px;font-size: 11pt; } .well.c2a3 .media-body{ font-size: 11pt; } .well.c2a3 .wpdm_icon{ height: 42px; width: auto; }<\/style><\/div>[\/vc_column_text][\/vc_tta_section][\/vc_tta_tabs][\/vc_column][\/vc_row][vc_row][vc_column width=&#8221;1\/2&#8243;]<div class=\"cqcarousel-container \" data-slidestoshow=\"\" data-thumbstoshow=\"5\" data-dots=\"no\" data-arrows=\"no\" data-isgallery=\"is-gallery\" data-largeimagearrows=\"no\" data-autoplay=\"\" data-autoplayspeed=\"\" data-containerwidth=\"\" data-containermaxwidth=\"\" data-imgnum=\"3\" data-bottomversion=\"\" data-dotbottom=\"\"><div class=\"carousel-gallery\"><div><img decoding=\"async\" src=\"https:\/\/inther.es\/wp-content\/uploads\/2017\/10\/guia-corredera-demon-vidrio.jpg\" alt=\"Gu\u00eda correderas puertas de cristal Demon\" \/><\/div><div><img decoding=\"async\" src=\"https:\/\/inther.es\/wp-content\/uploads\/2017\/10\/guia-corredera-demon-cristal-2.jpg\" alt=\"Gu\u00eda correderas puertas de cristal Demon\" \/><\/div><div><img decoding=\"async\" src=\"https:\/\/inther.es\/wp-content\/uploads\/2017\/10\/guia-corredera-demon-vidrio-3.jpg\" alt=\"Gu\u00eda correderas puertas de cristal Demon\" \/><\/div><\/div><div class=\"carousel-thumb is-gallery\"><div title=\"\"><img decoding=\"async\" src=\"https:\/\/inther.es\/wp-content\/uploads\/2017\/10\/guia-corredera-demon-vidrio-100x100.jpg\" alt=\"Gu\u00eda correderas puertas de cristal Demon\" \/><\/div><div title=\"\"><img decoding=\"async\" src=\"https:\/\/inther.es\/wp-content\/uploads\/2017\/10\/guia-corredera-demon-cristal-2-100x100.jpg\" alt=\"Gu\u00eda correderas puertas de cristal Demon\" \/><\/div><div title=\"\"><img decoding=\"async\" src=\"https:\/\/inther.es\/wp-content\/uploads\/2017\/10\/guia-corredera-demon-vidrio-3-100x100.jpg\" alt=\"Gu\u00eda correderas puertas de cristal Demon\" \/><\/div><\/div><\/div>[\/vc_column][vc_column width=&#8221;1\/2&#8243;][vc_row_inner][vc_column_inner][vc_column_text]<\/p>\n<h1>Demon Vidrio<\/h1>\n<p>[\/vc_column_text][\/vc_column_inner][\/vc_row_inner][vc_tta_tabs][vc_tta_section title=&#8221;Descripci\u00f3n&#8221; tab_id=&#8221;1508502698500-5be94d26-b82d&#8221;][vc_column_text]<strong>Gu\u00eda para puertas de cristal<\/strong>\u00a0fabricado en acero inoxidable 304 e integrado con sistema Soft Closing.[\/vc_column_text][\/vc_tta_section][vc_tta_section title=&#8221;Caracter\u00edsticas&#8221; tab_id=&#8221;1489683918833-7493536c-1274&#8243;][vc_row_inner][vc_column_inner][vc_column_text]<\/p>\n<h3>Caracter\u00edsticas t\u00e9cnicas<\/h3>\n<p>\u2022 Tubo acero inox 304.<br \/>\n\u2022 Capacidad para puertas hasta 80 kg.[\/vc_column_text][\/vc_column_inner][\/vc_row_inner][vc_row_inner][vc_column_inner][vc_table vc_table_theme=&#8221;classic&#8221; el_class=&#8221;tabla-codigos&#8221;][align-center;b]C%C3%B3digo,[align-center;b]Descripci%C3%B3n,[align-center;b]Set|[align-center]08922,[align-center]Jgo%20Accesorios%20Demon%20Inox%20Vidrio,[align-center]1%2F20[\/vc_table][\/vc_column_inner][\/vc_row_inner][\/vc_tta_section][vc_tta_section title=&#8221;Descargas&#8221; tab_id=&#8221;1489684039525-5959b006-fe0e&#8221;][vc_column_text]Gu\u00eda puertas correderas Demon Vidrio<\/p>\n<div class='w3eden'><blockquote class=\"well c2a3\">\r\n    <div class=\"media\">\r\n        <div class=\"pull-left\" align=\"left\">\r\n            <img decoding=\"async\" class=\"wpdm_icon\"   src=\"https:\/\/inther.es\/wp-content\/plugins\/download-manager\/assets\/file-type-icons\/pdf24x24.jpg\" \/>\r\n        <\/div>\r\n        <div class=\"pull-right\" align=\"right\">\r\n            <a class='wpdm-download-link wpdm-download-locked [btnclass]' rel='nofollow' href='#' onclick=\"location.href='https:\/\/inther.es\/en\/wpdm-package\/guias-correderas-demon-vidrio\/?wpdmdl=6086';return false;\">Download<\/a>\r\n        <\/div>\r\n\t\t\r\n        <div class=\"media-body\">\r\n            <h3 class=\"media-heading\" style=\"padding-top: 0px;border:0px;margin: 0 0 5px 0;font-size:12pt;\">\r\n\t\t\t\t<span style=\"margin-left:20px;font-size:8pt;font-weight:320;font-family:Arial;color:#A1A1A1;\">\r\n\t\t\t\t\t<i style=\"margin: 2px 0 0 5px;opacity:0.5\" class=\"fa fa-th-large\"><\/i> 4.95 MB <i style=\"margin: 2px 0 0 5px;opacity:0.5\" class=\"fa fa-download\"><\/i> 607 descargas\r\n\t\t\t\t\t<i style=\"margin: 2px 0 0 5px;opacity:0.5\" class=\"fa fa-file-o\" aria-hidden=\"true\"><\/i> Versi\u00f3n 2.1\r\n\t\t\t\t<\/span>\r\n\t\t\t<\/h3>\r\n        <\/div>\r\n    <\/div>\r\n<\/blockquote>\r\n<style>.well.c2a3 .btn.wpdm-download-link{ padding: 11px 5px;font-size: 11pt; } .well.c2a3 .media-body{ font-size: 11pt; } .well.c2a3 .wpdm_icon{ height: 42px; width: auto; }<\/style><\/div>[\/vc_column_text][\/vc_tta_section][\/vc_tta_tabs][\/vc_column][\/vc_row]\r\n        <div class=\"media-body\">\r\n            <h3 class=\"media-heading\" style=\"padding-top: 0px;border:0px;margin: 0 0 5px 0;font-size:12pt;\">\r\n\t\t\t\t<span style=\"margin-left:20px;font-size:8pt;font-weight:320;font-family:Arial;color:#A1A1A1;\">\r\n\t\t\t\t\t<i style=\"margin: 2px 0 0 5px;opacity:0.5\" class=\"fa fa-th-large\"><\/i> 4.95 MB <i style=\"margin: 2px 0 0 5px;opacity:0.5\" class=\"fa fa-download\"><\/i> 607 descargas\r\n\t\t\t\t\t<i style=\"margin: 2px 0 0 5px;opacity:0.5\" class=\"fa fa-file-o\" aria-hidden=\"true\"><\/i> Versi\u00f3n 2.1\r\n\t\t\t\t<\/span>\r\n\t\t\t<\/h3>\r\n        <\/div>\r\n    <\/div>\r\n<\/blockquote>\r\n<style>.well.c2a3 .btn.wpdm-download-link{ padding: 11px 5px;font-size: 11pt; } .well.c2a3 .media-body{ font-size: 11pt; } .well.c2a3 .wpdm_icon{ height: 42px; width: auto; }<\/style><\/div>[\/vc_column_text][\/vc_tta_section][\/vc_tta_tabs][\/vc_column][\/vc_row]<\/p>","protected":false},"excerpt":{"rendered":"<p>[vc_row][vc_column width=&#8221;1\/2&#8243;][\/vc_column][vc_column width=&#8221;1\/2&#8243;][vc_row_inner][vc_column_inner][vc_column_text] Demon Vidrio [\/vc_column_text][\/vc_column_inner][\/vc_row_inner][vc_tta_tabs][vc_tta_section title=&#8221;Descripci\u00f3n&#8221; tab_id=&#8221;1508502698500-5be94d26-b82d&#8221;][vc_column_text]Gu\u00eda para puertas de cristal\u00a0fabricado en acero inoxidable 304 e integrado con sistema Soft Closing.[\/vc_column_text][\/vc_tta_section][vc_tta_section title=&#8221;Caracter\u00edsticas&#8221; tab_id=&#8221;1489683918833-7493536c-1274&#8243;][vc_row_inner][vc_column_inner][vc_column_text] Caracter\u00edsticas t\u00e9cnicas<span class=\"excerpt-hellip\"> [\u2026]<\/span><\/p>\n","protected":false},"featured_media":6083,"template":"","meta":[],"product_brand":[],"product_cat":[180,50],"product_tag":[],"class_list":{"0":"post-6082","1":"product","2":"type-product","3":"status-publish","4":"has-post-thumbnail","6":"product_cat-sistemas-deslizantes-puertas-cristal","7":"product_cat-sistemas-para-puertas-deslizantes","9":"first","10":"instock","11":"shipping-taxable","12":"product-type-simple"},"_links":{"self":[{"href":"https:\/\/inther.es\/en\/wp-json\/wp\/v2\/product\/6082","targetHints":{"allow":["GET"]}}],"collection":[{"href":"https:\/\/inther.es\/en\/wp-json\/wp\/v2\/product"}],"about":[{"href":"https:\/\/inther.es\/en\/wp-json\/wp\/v2\/types\/product"}],"wp:featuredmedia":[{"embeddable":true,"href":"https:\/\/inther.es\/en\/wp-json\/wp\/v2\/media\/6083"}],"wp:attachment":[{"href":"https:\/\/inther.es\/en\/wp-json\/wp\/v2\/media?parent=6082"}],"wp:term":[{"taxonomy":"product_brand","embeddable":true,"href":"https:\/\/inther.es\/en\/wp-json\/wp\/v2\/product_brand?post=6082"},{"taxonomy":"product_cat","embeddable":true,"href":"https:\/\/inther.es\/en\/wp-json\/wp\/v2\/product_cat?post=6082"},{"taxonomy":"product_tag","embeddable":true,"href":"https:\/\/inther.es\/en\/wp-json\/wp\/v2\/product_tag?post=6082"}],"curies":[{"name":"wp","href":"https:\/\/api.w.org\/{rel}","templated":true}]}}