{"id":6305,"date":"2018-03-21T13:03:46","date_gmt":"2018-03-21T12:03:46","guid":{"rendered":"https:\/\/inther.es\/?post_type=product&#038;p=6305"},"modified":"2020-06-01T10:05:25","modified_gmt":"2020-06-01T09:05:25","slug":"focke-2","status":"publish","type":"product","link":"https:\/\/inther.es\/en\/armazon-corredera\/focke-2\/","title":{"rendered":"Armaz\u00f3n puerta corredera &#8211; Focke 2H"},"content":{"rendered":"<p>[vc_row][vc_column width=&#8221;1\/2&#8243;]<div class=\"cqcarousel-container \" data-slidestoshow=\"\" data-thumbstoshow=\"5\" data-dots=\"no\" data-arrows=\"no\" data-isgallery=\"is-gallery\" data-largeimagearrows=\"no\" data-autoplay=\"\" data-autoplayspeed=\"\" data-containerwidth=\"\" data-containermaxwidth=\"\" data-imgnum=\"3\" data-bottomversion=\"\" data-dotbottom=\"\"><div class=\"carousel-gallery\"><div><img decoding=\"async\" src=\"https:\/\/inther.es\/wp-content\/uploads\/2018\/03\/focke-revocado-2h-inther.jpg\" alt=\"Premarco para puertas correderas dobles Focke\" \/><\/div><div><img decoding=\"async\" src=\"https:\/\/inther.es\/wp-content\/uploads\/2018\/03\/focke-recocado-2h-inther_2.jpg\" alt=\"\" \/><\/div><div><img decoding=\"async\" src=\"https:\/\/inther.es\/wp-content\/uploads\/2018\/03\/cad-focke-revocado-2h-inther.jpg\" alt=\"\" \/><\/div><\/div><div class=\"carousel-thumb is-gallery\"><div title=\"\"><img decoding=\"async\" src=\"https:\/\/inther.es\/wp-content\/uploads\/2018\/03\/focke-revocado-2h-inther-100x100.jpg\" alt=\"Premarco para puertas correderas dobles Focke\" \/><\/div><div title=\"\"><img decoding=\"async\" src=\"https:\/\/inther.es\/wp-content\/uploads\/2018\/03\/focke-recocado-2h-inther_2-100x100.jpg\" alt=\"\" \/><\/div><div title=\"\"><img decoding=\"async\" src=\"https:\/\/inther.es\/wp-content\/uploads\/2018\/03\/cad-focke-revocado-2h-inther-100x100.jpg\" alt=\"\" \/><\/div><\/div><\/div>[\/vc_column][vc_column width=&#8221;1\/2&#8243;][vc_row_inner][vc_column_inner][vc_column_text]<\/p>\n<h1>Premarco corredera &#8211; Focke (Doble hoja)<\/h1>\n<p>[\/vc_column_text][\/vc_column_inner][\/vc_row_inner][vc_tta_tabs][vc_tta_section title=&#8221;Descripci\u00f3n&#8221; tab_id=&#8221;1508502698500-5be94d26-b82d&#8221;][vc_column_text]Focke es un <strong>premarco para puertas correderas dobles,<\/strong> el cual se instala en obra permitiendo ocultar las dos puertas correderas.<\/p>\n<p>El modelo Focke cuenta con un <strong>armaz\u00f3n de puerta corredera<\/strong> con estructura s\u00f3lida de acero galvanizado y de rejilla para facilitar la instalaci\u00f3n en pared de ladrillo. Este modelo simple es esencial para valorar y reinterpretar el ambiente, pues est\u00e1 indicado para peque\u00f1os espacios en los que se desea ganar amplitud y mejorar el acceso.<\/p>\n<p>Este <strong>casoneto para puertas correderas dobles<\/strong> est\u00e1 disponible para medidas de pared terminada 90mm-105mm-125mm; hueco interior 52mm-67m-87mm; y grosor m\u00e1ximo de puerta corredera 40mm-55mm-75mm. Para medidas de altura de paso de puerta de 2030mm y 2110mm, con posibilidad de medidas especiales para altos de hoja de puerta 2700mm max.[\/vc_column_text][vc_single_image image=&#8221;6327&#8243; img_size=&#8221;&#8221; alignment=&#8221;center&#8221;][\/vc_tta_section][vc_tta_section title=&#8221;Caracter\u00edsticas&#8221; tab_id=&#8221;1489683918833-7493536c-1274&#8243;][vc_row_inner][vc_column_inner][vc_column_text]<\/p>\n<h3>Caracter\u00edsticas t\u00e9cnicas<\/h3>\n<p>\u2022 Casoneto para puertas correderas dobles para pared de muro.<\/p>\n<p>\u2022 Dos puertas correderas ocultas.<\/p>\n<p>\u2022 Modelo simple y esencial para recalificar el ambiente y valorar de este modo el espacio.<\/p>\n<p>\u2022 Indicado para peque\u00f1os espacios en los que se desea ganar amplitud y mejorar el acceso.[\/vc_column_text][vc_single_image image=&#8221;6329&#8243; img_size=&#8221;&#8221; alignment=&#8221;center&#8221;][\/vc_column_inner][\/vc_row_inner][\/vc_tta_section][vc_tta_section title=&#8221;Descargas&#8221; tab_id=&#8221;1489684039525-5959b006-fe0e&#8221;][vc_column_text]Casoneto para puertas correderas dobles &#8211; Focke (Revocado)<\/p>\n<div class='w3eden'><blockquote class=\"well c2a3\">\r\n    <div class=\"media\">\r\n        <div class=\"pull-left\" align=\"left\">\r\n            <img decoding=\"async\" class=\"wpdm_icon\"   src=\"https:\/\/inther.es\/wp-content\/plugins\/download-manager\/assets\/file-type-icons\/pdf24x24.jpg\" \/>\r\n        <\/div>\r\n        <div class=\"pull-right\" align=\"right\">\r\n            <a class='wpdm-download-link wpdm-download-locked [btnclass]' rel='nofollow' href='#' onclick=\"location.href='https:\/\/inther.es\/en\/wpdm-package\/premarco-corredero-focke-2h\/?wpdmdl=6295';return false;\">Download<\/a>\r\n        <\/div>\r\n\t\tFicha T\u00e9cnica\r\n        <div class=\"media-body\">\r\n            <h3 class=\"media-heading\" style=\"padding-top: 0px;border:0px;margin: 0 0 5px 0;font-size:12pt;\">\r\n\t\t\t\t<span style=\"margin-left:20px;font-size:8pt;font-weight:320;font-family:Arial;color:#A1A1A1;\">\r\n\t\t\t\t\t<i style=\"margin: 2px 0 0 5px;opacity:0.5\" class=\"fa fa-th-large\"><\/i> 188.70 KB <i style=\"margin: 2px 0 0 5px;opacity:0.5\" class=\"fa fa-download\"><\/i> 590 descargas\r\n\t\t\t\t\t<i style=\"margin: 2px 0 0 5px;opacity:0.5\" class=\"fa fa-file-o\" aria-hidden=\"true\"><\/i> Versi\u00f3n 2.1\r\n\t\t\t\t<\/span>\r\n\t\t\t<\/h3>\r\n        <\/div>\r\n    <\/div>\r\n<\/blockquote>\r\n<style>.well.c2a3 .btn.wpdm-download-link{ padding: 11px 5px;font-size: 11pt; } .well.c2a3 .media-body{ font-size: 11pt; } .well.c2a3 .wpdm_icon{ height: 42px; width: auto; }<\/style><\/div>[\/vc_column_text][\/vc_tta_section][\/vc_tta_tabs][\/vc_column][\/vc_row]<\/p>","protected":false},"excerpt":{"rendered":"<p>[vc_row][vc_column width=&#8221;1\/2&#8243;][\/vc_column][vc_column width=&#8221;1\/2&#8243;][vc_row_inner][vc_column_inner][vc_column_text] Premarco corredera &#8211; Focke (Doble hoja) [\/vc_column_text][\/vc_column_inner][\/vc_row_inner][vc_tta_tabs][vc_tta_section title=&#8221;Descripci\u00f3n&#8221; tab_id=&#8221;1508502698500-5be94d26-b82d&#8221;][vc_column_text]Focke es un premarco para puertas correderas dobles, el cual se instala en obra permitiendo<span class=\"excerpt-hellip\"> [\u2026]<\/span><\/p>\n","protected":false},"featured_media":6294,"template":"","meta":[],"product_brand":[],"product_cat":[223],"product_tag":[],"class_list":{"0":"post-6305","1":"product","2":"type-product","3":"status-publish","4":"has-post-thumbnail","6":"product_cat-armazon-corredera","8":"first","9":"instock","10":"shipping-taxable","11":"product-type-simple"},"_links":{"self":[{"href":"https:\/\/inther.es\/en\/wp-json\/wp\/v2\/product\/6305","targetHints":{"allow":["GET"]}}],"collection":[{"href":"https:\/\/inther.es\/en\/wp-json\/wp\/v2\/product"}],"about":[{"href":"https:\/\/inther.es\/en\/wp-json\/wp\/v2\/types\/product"}],"wp:featuredmedia":[{"embeddable":true,"href":"https:\/\/inther.es\/en\/wp-json\/wp\/v2\/media\/6294"}],"wp:attachment":[{"href":"https:\/\/inther.es\/en\/wp-json\/wp\/v2\/media?parent=6305"}],"wp:term":[{"taxonomy":"product_brand","embeddable":true,"href":"https:\/\/inther.es\/en\/wp-json\/wp\/v2\/product_brand?post=6305"},{"taxonomy":"product_cat","embeddable":true,"href":"https:\/\/inther.es\/en\/wp-json\/wp\/v2\/product_cat?post=6305"},{"taxonomy":"product_tag","embeddable":true,"href":"https:\/\/inther.es\/en\/wp-json\/wp\/v2\/product_tag?post=6305"}],"curies":[{"name":"wp","href":"https:\/\/api.w.org\/{rel}","templated":true}]}}