{"id":7576,"date":"2019-05-13T07:10:27","date_gmt":"2019-05-13T06:10:27","guid":{"rendered":"https:\/\/inther.es\/?post_type=product&#038;p=7576"},"modified":"2023-04-04T15:23:52","modified_gmt":"2023-04-04T14:23:52","slug":"kit-desl-g500t-llave","status":"publish","type":"product","link":"https:\/\/inther.es\/en\/kit-correderas\/kit-desl-g500t-llave\/","title":{"rendered":"Kit Desl. G500T Llave"},"content":{"rendered":"<p>\r\n        <div class=\"media-body\">\r\n            <h3 class=\"media-heading\" style=\"padding-top: 0px;border:0px;margin: 0 0 5px 0;font-size:12pt;\">\r\n\t\t\t\t<span style=\"margin-left:20px;font-size:8pt;font-weight:320;font-family:Arial;color:#A1A1A1;\">\r\n\t\t\t\t\t<i style=\"margin: 2px 0 0 5px;opacity:0.5\" class=\"fa fa-th-large\"><\/i> 101.70 KB <i style=\"margin: 2px 0 0 5px;opacity:0.5\" class=\"fa fa-download\"><\/i> 302 descargas\r\n\t\t\t\t\t<i style=\"margin: 2px 0 0 5px;opacity:0.5\" class=\"fa fa-file-o\" aria-hidden=\"true\"><\/i> Versi\u00f3n 3.0\r\n\t\t\t\t<\/span>\r\n\t\t\t<\/h3>\r\n        <\/div>\r\n    <\/div>\r\n<\/blockquote>\r\n<style>.well.c2a3 .btn.wpdm-download-link{ padding: 11px 5px;font-size: 11pt; } .well.c2a3 .media-body{ font-size: 11pt; } .well.c2a3 .wpdm_icon{ height: 42px; width: auto; }<\/style><\/div>[\/vc_column_text][\/vc_tta_section][\/vc_tta_tabs][\/vc_column][\/vc_row][vc_row][vc_column width=&#8221;1\/2&#8243;]<div class=\"cqcarousel-container \" data-slidestoshow=\"\" data-thumbstoshow=\"6\" data-dots=\"no\" data-arrows=\"no\" data-isgallery=\"is-gallery\" data-largeimagearrows=\"no\" data-autoplay=\"\" data-autoplayspeed=\"\" data-containerwidth=\"\" data-containermaxwidth=\"\" data-imgnum=\"6\" data-bottomversion=\"\" data-dotbottom=\"\"><div class=\"carousel-gallery\"><div><img decoding=\"async\" src=\"https:\/\/inther.es\/wp-content\/uploads\/2019\/05\/Kit-desl.-G500T-Llave-portada_2.jpg\" alt=\"\" \/><\/div><div><img decoding=\"async\" src=\"https:\/\/inther.es\/wp-content\/uploads\/2019\/05\/Kit-desl.-G500T-Llave-portada.jpg\" alt=\"\" \/><\/div><div><img decoding=\"async\" src=\"https:\/\/inther.es\/wp-content\/uploads\/2019\/05\/G500t_2022_LLAVE-CUADRADO.jpg\" alt=\"\" \/><\/div><div><img decoding=\"async\" src=\"https:\/\/inther.es\/wp-content\/uploads\/2019\/05\/G500t_2022_LLAVE-REDONDO.jpg\" alt=\"\" \/><\/div><div><img decoding=\"async\" src=\"https:\/\/inther.es\/wp-content\/uploads\/2019\/05\/Kit-desl.-G500T-Llave-tecnico_2.jpg\" alt=\"\" \/><\/div><div><img decoding=\"async\" src=\"https:\/\/inther.es\/wp-content\/uploads\/2019\/05\/Kit-desl.-G500T-Llave-tecnico_1.jpg\" alt=\"\" \/><\/div><\/div><div class=\"carousel-thumb is-gallery\"><div title=\"\"><img decoding=\"async\" src=\"https:\/\/inther.es\/wp-content\/uploads\/2019\/05\/Kit-desl.-G500T-Llave-portada_2-100x100.jpg\" alt=\"\" \/><\/div><div title=\"\"><img decoding=\"async\" src=\"https:\/\/inther.es\/wp-content\/uploads\/2019\/05\/Kit-desl.-G500T-Llave-portada-100x100.jpg\" alt=\"\" \/><\/div><div title=\"\"><img decoding=\"async\" src=\"https:\/\/inther.es\/wp-content\/uploads\/2019\/05\/G500t_2022_LLAVE-CUADRADO-100x100.jpg\" alt=\"\" \/><\/div><div title=\"\"><img decoding=\"async\" src=\"https:\/\/inther.es\/wp-content\/uploads\/2019\/05\/G500t_2022_LLAVE-REDONDO-100x100.jpg\" alt=\"\" \/><\/div><div title=\"\"><img decoding=\"async\" src=\"https:\/\/inther.es\/wp-content\/uploads\/2019\/05\/Kit-desl.-G500T-Llave-tecnico_2-100x100.jpg\" alt=\"\" \/><\/div><div title=\"\"><img decoding=\"async\" src=\"https:\/\/inther.es\/wp-content\/uploads\/2019\/05\/Kit-desl.-G500T-Llave-tecnico_1-100x100.jpg\" alt=\"\" \/><\/div><\/div><\/div>[\/vc_column][vc_column width=&#8221;1\/2&#8243;][vc_row_inner][vc_column_inner][vc_column_text]<\/p>\n<h1>Kit corredera G500T Llave<\/h1>\n<p>[\/vc_column_text][\/vc_column_inner][\/vc_row_inner][vc_tta_tabs][vc_tta_section title=&#8221;Caracter\u00edsticas&#8221; tab_id=&#8221;1489683918833-7493536c-1274&#8243;][vc_row_inner][vc_column_inner][vc_column_text]<\/p>\n<h3>Caracter\u00edsticas t\u00e9cnicas<\/h3>\n<p>\u2022 Dise\u00f1o moderno y minimalista.<br \/>\n\u2022 Novedoso sistema de ayuda para el cierre de la puerta.<br \/>\n\u2022 Caja extremadamente compacta para optimizar el mecanizado.<br \/>\n\u2022 Alta fiabilidad y accionamiento suave.<br \/>\n\u2022 Incluye plantilla de montaje del cerradero y cajetin.<br \/>\n\u2022 Productos disponible en terminaci\u00f3n cuadrada y redonda[\/vc_column_text][\/vc_column_inner][\/vc_row_inner][vc_row_inner][vc_column_inner][vc_single_image image=&#8221;7573&#8243; img_size=&#8221;medium&#8221; alignment=&#8221;center&#8221;][\/vc_column_inner][\/vc_row_inner][vc_row_inner][vc_column_inner][vc_table vc_table_theme=&#8221;classic&#8221; el_class=&#8221;tabla-codigos&#8221;][align-center;b]C%C3%B3digo,[align-center;b]Descripci%C3%B3n,Tipo,[align-center;b]Acabado,[align-center;b]Set|[align-center]15579,[align-center]Kit%20Desl.%20G500T%20Llave,[align-center]C%2FC,[align-center]CM,[align-center]1%2F40|15578,Kit%20Desl.%20G500T%20Llave,C%2FR,CM,1%2F40|15600,Kit%20Desl.%20G500T%20Llave,C%2FC,NE,1%2F40|15599,Kit%20Desl.%20G500T%20Llave,C%2FR,NE,1%2F40|15598,Kit%20Desl.%20G500T%20Llave,C%2FR,LP,1%2F40[\/vc_table][vc_column_text]*No incluye cilindro.[\/vc_column_text][\/vc_column_inner][\/vc_row_inner][\/vc_tta_section][vc_tta_section title=&#8221;Descargas&#8221; tab_id=&#8221;1489684039525-5959b006-fe0e&#8221;][vc_column_text]Kit corredera G500T Llave(En)[\/vc_column_text][\/vc_tta_section][\/vc_tta_tabs][\/vc_column][\/vc_row]<\/p>","protected":false},"excerpt":{"rendered":"<p>[vc_row][vc_column width=&#8221;1\/2&#8243;][\/vc_column][vc_column width=&#8221;1\/2&#8243;][vc_row_inner][vc_column_inner][vc_column_text] Kit corredera G500T Llave [\/vc_column_text][\/vc_column_inner][\/vc_row_inner][vc_tta_tabs][vc_tta_section title=&#8221;Caracter\u00edsticas&#8221; tab_id=&#8221;1489683918833-7493536c-1274&#8243;][vc_row_inner][vc_column_inner][vc_column_text] Caracter\u00edsticas t\u00e9cnicas \u2022 Dise\u00f1o moderno y minimalista. \u2022 Novedoso sistema de ayuda para el cierre de<span class=\"excerpt-hellip\"> [\u2026]<\/span><\/p>\n","protected":false},"featured_media":9255,"template":"","meta":[],"product_brand":[],"product_cat":[33],"product_tag":[324,325],"class_list":{"0":"post-7576","1":"product","2":"type-product","3":"status-publish","4":"has-post-thumbnail","6":"product_cat-kit-correderas","7":"product_tag-g500t-cond","8":"product_tag-kit-corredera","10":"first","11":"instock","12":"shipping-taxable","13":"product-type-simple"},"_links":{"self":[{"href":"https:\/\/inther.es\/en\/wp-json\/wp\/v2\/product\/7576","targetHints":{"allow":["GET"]}}],"collection":[{"href":"https:\/\/inther.es\/en\/wp-json\/wp\/v2\/product"}],"about":[{"href":"https:\/\/inther.es\/en\/wp-json\/wp\/v2\/types\/product"}],"wp:featuredmedia":[{"embeddable":true,"href":"https:\/\/inther.es\/en\/wp-json\/wp\/v2\/media\/9255"}],"wp:attachment":[{"href":"https:\/\/inther.es\/en\/wp-json\/wp\/v2\/media?parent=7576"}],"wp:term":[{"taxonomy":"product_brand","embeddable":true,"href":"https:\/\/inther.es\/en\/wp-json\/wp\/v2\/product_brand?post=7576"},{"taxonomy":"product_cat","embeddable":true,"href":"https:\/\/inther.es\/en\/wp-json\/wp\/v2\/product_cat?post=7576"},{"taxonomy":"product_tag","embeddable":true,"href":"https:\/\/inther.es\/en\/wp-json\/wp\/v2\/product_tag?post=7576"}],"curies":[{"name":"wp","href":"https:\/\/api.w.org\/{rel}","templated":true}]}}