{"id":9335,"date":"2023-07-03T10:09:11","date_gmt":"2023-07-03T09:09:11","guid":{"rendered":"https:\/\/inther.es\/?post_type=product&#038;p=9335"},"modified":"2023-07-03T11:39:30","modified_gmt":"2023-07-03T10:39:30","slug":"manillon-4020","status":"publish","type":"product","link":"https:\/\/inther.es\/en\/manillones\/manillon-4020\/","title":{"rendered":"Manillon 4020"},"content":{"rendered":"<p>\r\n        <div class=\"media-body\">\r\n            <h3 class=\"media-heading\" style=\"padding-top: 0px;border:0px;margin: 0 0 5px 0;font-size:12pt;\">\r\n\t\t\t\t<span style=\"margin-left:20px;font-size:8pt;font-weight:320;font-family:Arial;color:#A1A1A1;\">\r\n\t\t\t\t\t<i style=\"margin: 2px 0 0 5px;opacity:0.5\" class=\"fa fa-th-large\"><\/i> 1.94 MB <i style=\"margin: 2px 0 0 5px;opacity:0.5\" class=\"fa fa-download\"><\/i> 153 descargas\r\n\t\t\t\t\t<i style=\"margin: 2px 0 0 5px;opacity:0.5\" class=\"fa fa-file-o\" aria-hidden=\"true\"><\/i> Versi\u00f3n JUl. 2023\r\n\t\t\t\t<\/span>\r\n\t\t\t<\/h3>\r\n        <\/div>\r\n    <\/div>\r\n<\/blockquote>\r\n<style>.well.c2a3 .btn.wpdm-download-link{ padding: 11px 5px;font-size: 11pt; } .well.c2a3 .media-body{ font-size: 11pt; } .well.c2a3 .wpdm_icon{ height: 42px; width: auto; }<\/style><\/div>\n<p>Manill\u00f3n 4020 PVD NN<\/p>\n<div class='w3eden'><blockquote class=\"well c2a3\">\r\n    <div class=\"media\">\r\n        <div class=\"pull-left\" align=\"left\">\r\n            <img decoding=\"async\" class=\"wpdm_icon\"   src=\"https:\/\/inther.es\/wp-content\/plugins\/download-manager\/assets\/file-type-icons\/pdf24x24.jpg\" \/>\r\n        <\/div>\r\n        <div class=\"pull-right\" align=\"right\">\r\n            <a class='wpdm-download-link wpdm-download-locked [btnclass]' rel='nofollow' href='#' onclick=\"location.href='https:\/\/inther.es\/en\/wpdm-package\/ficha-tecnica-59\/?wpdmdl=9342';return false;\">Download<\/a>\r\n        <\/div>\r\n\t\t\r\n        <div class=\"media-body\">\r\n            <h3 class=\"media-heading\" style=\"padding-top: 0px;border:0px;margin: 0 0 5px 0;font-size:12pt;\">\r\n\t\t\t\t<span style=\"margin-left:20px;font-size:8pt;font-weight:320;font-family:Arial;color:#A1A1A1;\">\r\n\t\t\t\t\t<i style=\"margin: 2px 0 0 5px;opacity:0.5\" class=\"fa fa-th-large\"><\/i> 1.88 MB <i style=\"margin: 2px 0 0 5px;opacity:0.5\" class=\"fa fa-download\"><\/i> 116 descargas\r\n\t\t\t\t\t<i style=\"margin: 2px 0 0 5px;opacity:0.5\" class=\"fa fa-file-o\" aria-hidden=\"true\"><\/i> Versi\u00f3n JUl. 2023\r\n\t\t\t\t<\/span>\r\n\t\t\t<\/h3>\r\n        <\/div>\r\n    <\/div>\r\n<\/blockquote>\r\n<style>.well.c2a3 .btn.wpdm-download-link{ padding: 11px 5px;font-size: 11pt; } .well.c2a3 .media-body{ font-size: 11pt; } .well.c2a3 .wpdm_icon{ height: 42px; width: auto; }<\/style><\/div>[\/vc_column_text][\/vc_tta_section][\/vc_tta_tabs][\/vc_column][\/vc_row][vc_row][vc_column][vc_column_text][\/vc_column_text][\/vc_column][\/vc_row][vc_row][vc_column width=&#8221;1\/2&#8243;]<div class=\"cqcarousel-container \" data-slidestoshow=\"\" data-thumbstoshow=\"5\" data-dots=\"no\" data-arrows=\"no\" data-isgallery=\"is-gallery\" data-largeimagearrows=\"no\" data-autoplay=\"\" data-autoplayspeed=\"\" data-containerwidth=\"\" data-containermaxwidth=\"\" data-imgnum=\"7\" data-bottomversion=\"\" data-dotbottom=\"\"><div class=\"carousel-gallery\"><div><img decoding=\"async\" src=\"https:\/\/inther.es\/wp-content\/uploads\/2023\/07\/MANILLON-4020-INOX.jpg\" alt=\"\" \/><\/div><div><img decoding=\"async\" src=\"https:\/\/inther.es\/wp-content\/uploads\/2023\/07\/MANILLON-4020INOX_FONDO-BLANCO.jpg\" alt=\"\" \/><\/div><div><img decoding=\"async\" src=\"https:\/\/inther.es\/wp-content\/uploads\/2023\/07\/MANILLON-4020-PVD-NN.jpg\" alt=\"\" \/><\/div><div><img decoding=\"async\" src=\"https:\/\/inther.es\/wp-content\/uploads\/2023\/07\/MANILLON-4020NN_FONDO-BLANCO.jpg\" alt=\"\" \/><\/div><div><img decoding=\"async\" src=\"https:\/\/inther.es\/wp-content\/uploads\/2023\/07\/MANILLON-4020-PVD-NN-DIMENSIONES.jpg\" alt=\"\" \/><\/div><div><img decoding=\"async\" src=\"https:\/\/inther.es\/wp-content\/uploads\/2017\/04\/manillones_modelo_1230_C_esquema3.jpg\" alt=\"\" \/><\/div><div><img decoding=\"async\" src=\"https:\/\/inther.es\/wp-content\/uploads\/2017\/04\/manillones_modelo_1230_C_esquema2.jpg\" alt=\"\" \/><\/div><\/div><div class=\"carousel-thumb is-gallery\"><div title=\"\"><img decoding=\"async\" src=\"https:\/\/inther.es\/wp-content\/uploads\/2023\/07\/MANILLON-4020-INOX-100x100.jpg\" alt=\"\" \/><\/div><div title=\"\"><img decoding=\"async\" src=\"https:\/\/inther.es\/wp-content\/uploads\/2023\/07\/MANILLON-4020INOX_FONDO-BLANCO-100x100.jpg\" alt=\"\" \/><\/div><div title=\"\"><img decoding=\"async\" src=\"https:\/\/inther.es\/wp-content\/uploads\/2023\/07\/MANILLON-4020-PVD-NN-100x100.jpg\" alt=\"\" \/><\/div><div title=\"\"><img decoding=\"async\" src=\"https:\/\/inther.es\/wp-content\/uploads\/2023\/07\/MANILLON-4020NN_FONDO-BLANCO-100x100.jpg\" alt=\"\" \/><\/div><div title=\"\"><img decoding=\"async\" src=\"https:\/\/inther.es\/wp-content\/uploads\/2023\/07\/MANILLON-4020-PVD-NN-DIMENSIONES-100x100.jpg\" alt=\"\" \/><\/div><div title=\"\"><img decoding=\"async\" src=\"https:\/\/inther.es\/wp-content\/uploads\/2017\/04\/manillones_modelo_1230_C_esquema3-100x100.jpg\" alt=\"\" \/><\/div><div title=\"\"><img decoding=\"async\" src=\"https:\/\/inther.es\/wp-content\/uploads\/2017\/04\/manillones_modelo_1230_C_esquema2-100x100.jpg\" alt=\"\" \/><\/div><\/div><\/div>[\/vc_column][vc_column width=&#8221;1\/2&#8243;][vc_row_inner][vc_column_inner][vc_column_text]<\/p>\n<h1>Manillon 4020<\/h1>\n<p>[\/vc_column_text][\/vc_column_inner][\/vc_row_inner][vc_tta_tabs][vc_tta_section title=&#8221;Descripci\u00f3n&#8221; tab_id=&#8221;1489683918685-3245c16f-6b3e&#8221;][vc_column_text]<strong>Manill\u00f3n modelo 4020<\/strong><\/p>\n<p>Acabados: INOX 304 y PVD NN.<\/p>\n<p>Dise\u00f1o de l\u00edneas rectas.<\/p>\n<p>Incluye accesorios de montaje para vidrio o madera.[\/vc_column_text][\/vc_tta_section][vc_tta_section title=&#8221;Caracter\u00edsticas&#8221; tab_id=&#8221;1489683918833-7493536c-1274&#8243;][vc_row_inner][vc_column_inner][vc_column_text]<\/p>\n<h3>Caracter\u00edsticas t\u00e9cnicas<\/h3>\n<p>[\/vc_column_text][vc_column_text]<\/p>\n<ul>\n<li>Manill\u00f3n de dise\u00f1o en acabado cuadrado.<\/li>\n<li>F\u00e1cil instalaci\u00f3n.<\/li>\n<li>Incluye accesorios de montaje para vidrio o madera.<\/li>\n<li>Consulte medidas especiales<\/li>\n<\/ul>\n<p>Acabados:<\/p>\n<p>Acero inoxidable AISI 304 y\u00a0 PVD NN<\/p>\n<p><span class=\"_8rs5 _9hvh\" data-ad-preview=\"ig-message\">Gracias a su tratamiento superficial i\u00f3nico de gran<br \/>\ndureza PVD, conseguimos una alta resistencia que lo<br \/>\nhace apto para interiores y exteriores.<\/span>[\/vc_column_text][vc_column_text]Acabado INOX[\/vc_column_text][vc_table vc_table_theme=&#8221;classic&#8221; allow_html=&#8221;1&#8243; el_class=&#8221;tabla-codigos&#8221;][align-center]C%C3%B3digo,[align-center]Descripci%C3%B3n,[align-center]Acabado,[align-center]C,[align-center]L,[align-center]A%20x%20B,[align-center]Set|[align-center]17137,[align-center]MANILL%C3%93N%204020%20C%2F400,[align-center]INOX%20304,[align-center]400,[align-center]420,20&#215;40,[align-center]10|17119,MANILL%C3%93N%204020%20C%2F600,INOX%20304,600,620,20&#215;40,10|17132,MANILL%C3%93N%204020%20C%2F1100,INOX%20304,1100,1120,20&#215;40,10|17133,MANILL%C3%93N%204020%20C%2F1600,INOX%20304,1600,1620,20&#215;40,10|17134,MANILL%C3%93N%204020%20C%2F1800,INOX%20304,1800,1820,20&#215;40,10|17135,MANILL%C3%93N%204020%20C%2F2000,INOX%20304,2000,2020,20&#215;40,10[\/vc_table][vc_column_text]Acabado PVD NN[\/vc_column_text][vc_table vc_table_theme=&#8221;classic&#8221; allow_html=&#8221;1&#8243; el_class=&#8221;tabla-codigos&#8221;][align-center]C%C3%B3digo,[align-center]Descripci%C3%B3n,[align-center]Acabado,[align-center]C,[align-center]L,[align-center]%C3%98,[align-center]Set|[align-center]17139,[align-center]MANILL%C3%93N%204020%20C%2F400,[align-center]PVD%20NN,[align-center]400,[align-center]420,20&#215;40,[align-center]10|17140,[align-center]MANILL%C3%93N%204020%20C%2F600,[align-center]PVD%20NN,[align-center]600,620,20&#215;40,[align-center]10|17141,MANILL%C3%93N%204020%20C%2F1100,PVD%20NN,1100,1120,20&#215;40,10|17142,MANILL%C3%93N%204020%20C%2F1600,PVD%20NN,1600,1620,20&#215;40,10|17143,MANILL%C3%93N%204020%20C%2F1800,PVD%20NN,1800,1820,20&#215;40,10|17144,MANILL%C3%93N%204020%20C%2F2000,PVD%20NN,2000,2020,20&#215;40,10[\/vc_table][\/vc_column_inner][\/vc_row_inner][\/vc_tta_section][vc_tta_section title=&#8221;Descargas&#8221; tab_id=&#8221;1489684039525-5959b006-fe0e&#8221;][vc_column_text]Manill\u00f3n 4020 INOX (Es)<\/p>\n<div class='w3eden'><blockquote class=\"well c2a3\">\r\n    <div class=\"media\">\r\n        <div class=\"pull-left\" align=\"left\">\r\n            <img decoding=\"async\" class=\"wpdm_icon\"   src=\"https:\/\/inther.es\/wp-content\/plugins\/download-manager\/assets\/file-type-icons\/pdf24x24.jpg\" \/>\r\n        <\/div>\r\n        <div class=\"pull-right\" align=\"right\">\r\n            <a class='wpdm-download-link wpdm-download-locked [btnclass]' rel='nofollow' href='#' onclick=\"location.href='https:\/\/inther.es\/en\/wpdm-package\/ficha-tecnica-70\/?wpdmdl=9343';return false;\">Download<\/a>\r\n        <\/div>\r\n\t\t\r\n        <div class=\"media-body\">\r\n            <h3 class=\"media-heading\" style=\"padding-top: 0px;border:0px;margin: 0 0 5px 0;font-size:12pt;\">\r\n\t\t\t\t<span style=\"margin-left:20px;font-size:8pt;font-weight:320;font-family:Arial;color:#A1A1A1;\">\r\n\t\t\t\t\t<i style=\"margin: 2px 0 0 5px;opacity:0.5\" class=\"fa fa-th-large\"><\/i> 1.94 MB <i style=\"margin: 2px 0 0 5px;opacity:0.5\" class=\"fa fa-download\"><\/i> 153 descargas\r\n\t\t\t\t\t<i style=\"margin: 2px 0 0 5px;opacity:0.5\" class=\"fa fa-file-o\" aria-hidden=\"true\"><\/i> Versi\u00f3n JUl. 2023\r\n\t\t\t\t<\/span>\r\n\t\t\t<\/h3>\r\n        <\/div>\r\n    <\/div>\r\n<\/blockquote>\r\n<style>.well.c2a3 .btn.wpdm-download-link{ padding: 11px 5px;font-size: 11pt; } .well.c2a3 .media-body{ font-size: 11pt; } .well.c2a3 .wpdm_icon{ height: 42px; width: auto; }<\/style><\/div>\n<p>Manill\u00f3n 4020 PVD NN (Es)<\/p>\n<div class='w3eden'><blockquote class=\"well c2a3\">\r\n    <div class=\"media\">\r\n        <div class=\"pull-left\" align=\"left\">\r\n            <img decoding=\"async\" class=\"wpdm_icon\"   src=\"https:\/\/inther.es\/wp-content\/plugins\/download-manager\/assets\/file-type-icons\/pdf24x24.jpg\" \/>\r\n        <\/div>\r\n        <div class=\"pull-right\" align=\"right\">\r\n            <a class='wpdm-download-link wpdm-download-locked [btnclass]' rel='nofollow' href='#' onclick=\"location.href='https:\/\/inther.es\/en\/wpdm-package\/ficha-tecnica-59\/?wpdmdl=9342';return false;\">Download<\/a>\r\n        <\/div>\r\n\t\t\r\n        <div class=\"media-body\">\r\n            <h3 class=\"media-heading\" style=\"padding-top: 0px;border:0px;margin: 0 0 5px 0;font-size:12pt;\">\r\n\t\t\t\t<span style=\"margin-left:20px;font-size:8pt;font-weight:320;font-family:Arial;color:#A1A1A1;\">\r\n\t\t\t\t\t<i style=\"margin: 2px 0 0 5px;opacity:0.5\" class=\"fa fa-th-large\"><\/i> 1.88 MB <i style=\"margin: 2px 0 0 5px;opacity:0.5\" class=\"fa fa-download\"><\/i> 116 descargas\r\n\t\t\t\t\t<i style=\"margin: 2px 0 0 5px;opacity:0.5\" class=\"fa fa-file-o\" aria-hidden=\"true\"><\/i> Versi\u00f3n JUl. 2023\r\n\t\t\t\t<\/span>\r\n\t\t\t<\/h3>\r\n        <\/div>\r\n    <\/div>\r\n<\/blockquote>\r\n<style>.well.c2a3 .btn.wpdm-download-link{ padding: 11px 5px;font-size: 11pt; } .well.c2a3 .media-body{ font-size: 11pt; } .well.c2a3 .wpdm_icon{ height: 42px; width: auto; }<\/style><\/div>[\/vc_column_text][\/vc_tta_section][\/vc_tta_tabs][\/vc_column][\/vc_row]<\/p>","protected":false},"excerpt":{"rendered":"<p>[vc_row][vc_column][vc_column_text][\/vc_column_text][\/vc_column][\/vc_row][vc_row][vc_column width=&#8221;1\/2&#8243;][\/vc_column][vc_column width=&#8221;1\/2&#8243;][vc_row_inner][vc_column_inner][vc_column_text] Manillon 4020 [\/vc_column_text][\/vc_column_inner][\/vc_row_inner][vc_tta_tabs][vc_tta_section title=&#8221;Descripci\u00f3n&#8221; tab_id=&#8221;1489683918685-3245c16f-6b3e&#8221;][vc_column_text]Manill\u00f3n modelo 4020 Acabados: INOX 304 y PVD NN. Dise\u00f1o de l\u00edneas rectas. Incluye accesorios de montaje para vidrio<span class=\"excerpt-hellip\"> [\u2026]<\/span><\/p>\n","protected":false},"featured_media":9338,"template":"","meta":[],"product_brand":[],"product_cat":[555,37],"product_tag":[],"class_list":{"0":"post-9335","1":"product","2":"type-product","3":"status-publish","4":"has-post-thumbnail","6":"product_cat-manillas_y_accesorios","7":"product_cat-manillones","9":"first","10":"instock","11":"featured","12":"shipping-taxable","13":"product-type-simple"},"_links":{"self":[{"href":"https:\/\/inther.es\/en\/wp-json\/wp\/v2\/product\/9335","targetHints":{"allow":["GET"]}}],"collection":[{"href":"https:\/\/inther.es\/en\/wp-json\/wp\/v2\/product"}],"about":[{"href":"https:\/\/inther.es\/en\/wp-json\/wp\/v2\/types\/product"}],"wp:featuredmedia":[{"embeddable":true,"href":"https:\/\/inther.es\/en\/wp-json\/wp\/v2\/media\/9338"}],"wp:attachment":[{"href":"https:\/\/inther.es\/en\/wp-json\/wp\/v2\/media?parent=9335"}],"wp:term":[{"taxonomy":"product_brand","embeddable":true,"href":"https:\/\/inther.es\/en\/wp-json\/wp\/v2\/product_brand?post=9335"},{"taxonomy":"product_cat","embeddable":true,"href":"https:\/\/inther.es\/en\/wp-json\/wp\/v2\/product_cat?post=9335"},{"taxonomy":"product_tag","embeddable":true,"href":"https:\/\/inther.es\/en\/wp-json\/wp\/v2\/product_tag?post=9335"}],"curies":[{"name":"wp","href":"https:\/\/api.w.org\/{rel}","templated":true}]}}