{"id":9539,"date":"2024-05-20T11:16:24","date_gmt":"2024-05-20T10:16:24","guid":{"rendered":"https:\/\/inther.es\/?post_type=product&#038;p=9539"},"modified":"2024-05-20T17:25:22","modified_gmt":"2024-05-20T16:25:22","slug":"cajon-multiusos-genova","status":"publish","type":"product","link":"https:\/\/inther.es\/en\/equipamiento-cocina\/cajon-multiusos-genova\/","title":{"rendered":"Caj\u00f3n multiusos G\u00e9nova"},"content":{"rendered":"<p>\r\n        <div class=\"media-body\">\r\n            <h3 class=\"media-heading\" style=\"padding-top: 0px;border:0px;margin: 0 0 5px 0;font-size:12pt;\">\r\n\t\t\t\t<span style=\"margin-left:20px;font-size:8pt;font-weight:320;font-family:Arial;color:#A1A1A1;\">\r\n\t\t\t\t\t<i style=\"margin: 2px 0 0 5px;opacity:0.5\" class=\"fa fa-th-large\"><\/i> 583.91 KB <i style=\"margin: 2px 0 0 5px;opacity:0.5\" class=\"fa fa-download\"><\/i> 39 descargas\r\n\t\t\t\t\t<i style=\"margin: 2px 0 0 5px;opacity:0.5\" class=\"fa fa-file-o\" aria-hidden=\"true\"><\/i> Versi\u00f3n MAY.2024\r\n\t\t\t\t<\/span>\r\n\t\t\t<\/h3>\r\n        <\/div>\r\n    <\/div>\r\n<\/blockquote>\r\n<style>.well.c2a3 .btn.wpdm-download-link{ padding: 11px 5px;font-size: 11pt; } .well.c2a3 .media-body{ font-size: 11pt; } .well.c2a3 .wpdm_icon{ height: 42px; width: auto; }<\/style><\/div>[\/vc_column_text][\/vc_tta_section][\/vc_tta_tabs][\/vc_column][\/vc_row][vc_row][vc_column][vc_column_text][\/vc_column_text][\/vc_column][\/vc_row][vc_row][vc_column][vc_column_text][\/vc_column_text][\/vc_column][\/vc_row][vc_row][vc_column width=&#8221;1\/2&#8243;]<div class=\"cqcarousel-container \" data-slidestoshow=\"\" data-thumbstoshow=\"4\" data-dots=\"no\" data-arrows=\"no\" data-isgallery=\"is-gallery\" data-largeimagearrows=\"no\" data-autoplay=\"\" data-autoplayspeed=\"\" data-containerwidth=\"\" data-containermaxwidth=\"\" data-imgnum=\"4\" data-bottomversion=\"\" data-dotbottom=\"\"><div class=\"carousel-gallery\"><div><img decoding=\"async\" src=\"https:\/\/inther.es\/wp-content\/uploads\/2024\/05\/CAJON-MULTIUSO-GENOVA-1.jpg\" alt=\"\" \/><\/div><div><img decoding=\"async\" src=\"https:\/\/inther.es\/wp-content\/uploads\/2024\/05\/CAJON-MULTIUSO-GENOVA-2.jpg\" alt=\"\" \/><\/div><div><img decoding=\"async\" src=\"https:\/\/inther.es\/wp-content\/uploads\/2024\/05\/CAJON-MULTIUSO-GENOVA-3.jpg\" alt=\"\" \/><\/div><div><img decoding=\"async\" src=\"https:\/\/inther.es\/wp-content\/uploads\/2024\/05\/CAJON-MULTIUSO-GENOVA-4.jpg\" alt=\"\" \/><\/div><\/div><div class=\"carousel-thumb is-gallery\"><div title=\"\"><img decoding=\"async\" src=\"https:\/\/inther.es\/wp-content\/uploads\/2024\/05\/CAJON-MULTIUSO-GENOVA-1-100x100.jpg\" alt=\"\" \/><\/div><div title=\"\"><img decoding=\"async\" src=\"https:\/\/inther.es\/wp-content\/uploads\/2024\/05\/CAJON-MULTIUSO-GENOVA-2-100x100.jpg\" alt=\"\" \/><\/div><div title=\"\"><img decoding=\"async\" src=\"https:\/\/inther.es\/wp-content\/uploads\/2024\/05\/CAJON-MULTIUSO-GENOVA-3-100x100.jpg\" alt=\"\" \/><\/div><div title=\"\"><img decoding=\"async\" src=\"https:\/\/inther.es\/wp-content\/uploads\/2024\/05\/CAJON-MULTIUSO-GENOVA-4-100x100.jpg\" alt=\"\" \/><\/div><\/div><\/div>[\/vc_column][vc_column width=&#8221;1\/2&#8243;][vc_row_inner][vc_column_inner][vc_column_text]<\/p>\n<h1>Caj\u00f3n multiusos G\u00e9nova<\/h1>\n<p>[\/vc_column_text][\/vc_column_inner][\/vc_row_inner][vc_tta_tabs active_section=&#8221;1&#8243;][vc_tta_section title=&#8221;Caracter\u00edsticas&#8221; tab_id=&#8221;1489683918833-7493536c-1274&#8243;][vc_row_inner][vc_column_inner][vc_column_text]<\/p>\n<h3>Caracter\u00edsticas t\u00e9cnicas<\/h3>\n<p>[\/vc_column_text][vc_column_text]- Apertura suave.<br \/>\n&#8211; Cierre amortiguado.<br \/>\n&#8211; Anti ara\u00f1azos.<br \/>\n&#8211; Gu\u00edas ocultas con cierre suave incluidas.<br \/>\n&#8211; Dise\u00f1o modular para m\u00faltiples combinaciones.<br \/>\n&#8211; Carga hasta 30 kg.<br \/>\n&#8211; F\u00e1cil instalaci\u00f3n.<br \/>\n&#8211; Fijaciones incluidas.[\/vc_column_text][\/vc_column_inner][\/vc_row_inner][vc_row_inner][vc_column_inner][vc_empty_space height=&#8221;5px&#8221;][vc_column_text]<\/p>\n<h3>Componentes Incluidos<\/h3>\n<p>[\/vc_column_text][vc_table vc_table_theme=&#8221;classic&#8221; el_class=&#8221;tabla-codigos&#8221;][align-center]Ancho%20Mueble,[align-center]Caj%C3%B3n,[align-center]Bandeja%20pl%C3%A1stico,[align-center]Gu%C3%ADas,Escurreplatos%20%0Amet%C3%A1lico,Escurridor%20cuencos,Cuberteros|[align-center]600%20mm.,[align-center]1%20ud.,[align-center]1%20ud.,[align-center]1%20jgo.,1%20ud.,1%20ud.,-|[align-center]800%20mm.,[align-center]1%20ud.,[align-center]1%20ud.,[align-center]1%20jgo.,1%20ud.,2%20ud.,1%20ud.|900%20mm.,1%20ud.,1%20ud.,1%20jgo.,1%20ud.,2%20ud.,1%20ud.[\/vc_table][vc_empty_space height=&#8221;5px&#8221;][vc_table vc_table_theme=&#8221;classic&#8221; el_class=&#8221;tabla-codigos&#8221;][align-center]C%C3%B3digo,[align-center]Tama%C3%B1o%20conjunto%0A(LaxAnxAl),[align-center]Ancho%0AMueble,[align-center]Acabado,Set|[align-center]18077,[align-center]564x460x165,[align-center]600%20mm.,[align-center]Antracita,1|[align-center]18079,[align-center]764x460x165,[align-center]800%20mm.,[align-center]Antracita,1|18080,864x460x165,900%20mm.,Antracita,1[\/vc_table][\/vc_column_inner][\/vc_row_inner][vc_row_inner][\/vc_row_inner][\/vc_tta_section][vc_tta_section title=&#8221;Descargas&#8221; tab_id=&#8221;1716197184593-48ec7701-a36d&#8221;][vc_column_text]<\/p>\n<h5>Caj\u00f3n multiusos G\u00e9nova<\/h5>\n<p>[\/vc_column_text][\/vc_tta_section][\/vc_tta_tabs][\/vc_column][\/vc_row][vc_row][vc_column][vc_column_text][\/vc_column_text][\/vc_column][\/vc_row]\r\n        <div class=\"media-body\">\r\n            <h3 class=\"media-heading\" style=\"padding-top: 0px;border:0px;margin: 0 0 5px 0;font-size:12pt;\">\r\n\t\t\t\t<span style=\"margin-left:20px;font-size:8pt;font-weight:320;font-family:Arial;color:#A1A1A1;\">\r\n\t\t\t\t\t<i style=\"margin: 2px 0 0 5px;opacity:0.5\" class=\"fa fa-th-large\"><\/i> 931.07 KB <i style=\"margin: 2px 0 0 5px;opacity:0.5\" class=\"fa fa-download\"><\/i> 460 descargas\r\n\t\t\t\t\t<i style=\"margin: 2px 0 0 5px;opacity:0.5\" class=\"fa fa-file-o\" aria-hidden=\"true\"><\/i> Versi\u00f3n 2.1\r\n\t\t\t\t<\/span>\r\n\t\t\t<\/h3>\r\n        <\/div>\r\n    <\/div>\r\n<\/blockquote>\r\n<style>.well.c2a3 .btn.wpdm-download-link{ padding: 11px 5px;font-size: 11pt; } .well.c2a3 .media-body{ font-size: 11pt; } .well.c2a3 .wpdm_icon{ height: 42px; width: auto; }<\/style><\/div>[\/vc_column_text][\/vc_tta_section][\/vc_tta_tabs][\/vc_column][\/vc_row][vc_row][vc_column][vc_column_text][\/vc_column_text][\/vc_column][\/vc_row][vc_row][vc_column width=&#8221;1\/2&#8243;]<div class=\"cqcarousel-container \" data-slidestoshow=\"\" data-thumbstoshow=\"5\" data-dots=\"no\" data-arrows=\"no\" data-isgallery=\"is-gallery\" data-largeimagearrows=\"no\" data-autoplay=\"\" data-autoplayspeed=\"\" data-containerwidth=\"\" data-containermaxwidth=\"\" data-imgnum=\"2\" data-bottomversion=\"\" data-dotbottom=\"\"><div class=\"carousel-gallery\"><div><img decoding=\"async\" src=\"https:\/\/inther.es\/wp-content\/uploads\/2018\/07\/cajon-cocinas-metalbox.jpg\" alt=\"\" \/><\/div><div><img decoding=\"async\" src=\"https:\/\/inther.es\/wp-content\/uploads\/2018\/07\/cajon-cocinas-metalbox-inther.jpg\" alt=\"\" \/><\/div><\/div><div class=\"carousel-thumb is-gallery\"><div title=\"\"><img decoding=\"async\" src=\"https:\/\/inther.es\/wp-content\/uploads\/2018\/07\/cajon-cocinas-metalbox-100x100.jpg\" alt=\"\" \/><\/div><div title=\"\"><img decoding=\"async\" src=\"https:\/\/inther.es\/wp-content\/uploads\/2018\/07\/cajon-cocinas-metalbox-inther-100x100.jpg\" alt=\"\" \/><\/div><\/div><\/div>[\/vc_column][vc_column width=&#8221;1\/2&#8243;][vc_row_inner][vc_column_inner][vc_column_text]<\/p>\n<h1>Caj\u00f3n Metalbox<\/h1>\n<p>[\/vc_column_text][\/vc_column_inner][\/vc_row_inner][vc_tta_tabs][vc_tta_section title=&#8221;Caracter\u00edsticas&#8221; tab_id=&#8221;1489683918833-7493536c-1274&#8243;][vc_row_inner][vc_column_inner][vc_column_text]<\/p>\n<h3>Caracter\u00edsticas t\u00e9cnicas<\/h3>\n<p>[\/vc_column_text][vc_column_text]<b>Gu\u00edas de caj\u00f3n para cocinas y armarios<\/b><br \/>\nGu\u00eda extensible<br \/>\nDisponible en acabado gris y blanco.<br \/>\nDeslizamiento suave.<br \/>\nR\u00e1pido y f\u00e1cil montaje y desmontaje.<br \/>\nIntegrada regulaci\u00f3n 3D frontal<br \/>\nCapacidad de carga din\u00e1mica 30Kg[\/vc_column_text][vc_empty_space height=&#8221;1px&#8221;][\/vc_column_inner][\/vc_row_inner][vc_row_inner][vc_column_inner][vc_table vc_table_theme=&#8221;classic&#8221; el_class=&#8221;tabla-codigos&#8221;]CAJ%C3%93N%20METALBOX%20H-85,,,,|[align-center]Largo%20nominal,[align-center]Antracita,[align-center]Blanco,[align-center]Set%2Fcm,[align-center]Pallet|[align-center]300,[align-center]08152,[align-center]-,[align-center]1,[align-center]10%2F640|[align-center]350,[align-center]08156,[align-center]08157,[align-center]1,[align-center]10%2F600|[align-center]400,[align-center]02821,[align-center]02822,[align-center]1,[align-center]10%2F480|[align-center]450,[align-center]02823,[align-center]02824,[align-center]1,[align-center]10%2F500|[align-center]500,[align-center]02324,[align-center]02325,[align-center]1,[align-center]10%2F480[\/vc_table][vc_empty_space height=&#8221;5px&#8221;][\/vc_column_inner][\/vc_row_inner][vc_row_inner][vc_column_inner][vc_table vc_table_theme=&#8221;classic&#8221; el_class=&#8221;tabla-codigos&#8221;]CAJ%C3%93N%20METALBOX%20H-120,,,,|[align-center]Largo%20nominal,[align-center]Antracita,[align-center]Blanco,[align-center]Set%2Fcm,[align-center]Pallet|[align-center]350,[align-center]08154,[align-center]08155,[align-center]1,[align-center]10%2F500|[align-center]400,[align-center]02817,[align-center]02818,[align-center]1,[align-center]10%2F450|[align-center]450,[align-center]02819,[align-center]02820,[align-center]1,[align-center]10%2F360|[align-center]500,[align-center]01609,[align-center]01607,[align-center]1,[align-center]10%2F360[\/vc_table][vc_empty_space height=&#8221;5px&#8221;][\/vc_column_inner][\/vc_row_inner][vc_row_inner][vc_column_inner][vc_table vc_table_theme=&#8221;classic&#8221; el_class=&#8221;tabla-codigos&#8221;]CAJ%C3%93N%20METALBOX%20H-150,,,,|[align-center]Largo%20nominal,[align-center]Antracita,[align-center]Blanco,[align-center]Set%2Fcm,[align-center]Pallet|[align-center]450,[align-center]06419,[align-center]-,[align-center]1,[align-center]10%2F300|[align-center]500,[align-center]01610,[align-center]01609,[align-center]1,[align-center]10%2F300[\/vc_table][\/vc_column_inner][\/vc_row_inner][\/vc_tta_section][vc_tta_section title=&#8221;Descargas&#8221; tab_id=&#8221;1489684039525-5959b006-fe0e&#8221;][vc_column_text]<\/p>\n<h5>Caj\u00f3n de cocina y armario Metalbox<\/h5>\n<div class='w3eden'><blockquote class=\"well c2a3\">\r\n    <div class=\"media\">\r\n        <div class=\"pull-left\" align=\"left\">\r\n            <img decoding=\"async\" class=\"wpdm_icon\"   src=\"https:\/\/inther.es\/wp-content\/plugins\/download-manager\/assets\/file-type-icons\/pdf24x24.jpg\" \/>\r\n        <\/div>\r\n        <div class=\"pull-right\" align=\"right\">\r\n            <a class='wpdm-download-link wpdm-download-locked [btnclass]' rel='nofollow' href='#' onclick=\"location.href='https:\/\/inther.es\/en\/wpdm-package\/catalogo-cajon-metalbox\/?wpdmdl=6530';return false;\">Download<\/a>\r\n        <\/div>\r\n\t\t\r\n        <div class=\"media-body\">\r\n            <h3 class=\"media-heading\" style=\"padding-top: 0px;border:0px;margin: 0 0 5px 0;font-size:12pt;\">\r\n\t\t\t\t<span style=\"margin-left:20px;font-size:8pt;font-weight:320;font-family:Arial;color:#A1A1A1;\">\r\n\t\t\t\t\t<i style=\"margin: 2px 0 0 5px;opacity:0.5\" class=\"fa fa-th-large\"><\/i> 931.07 KB <i style=\"margin: 2px 0 0 5px;opacity:0.5\" class=\"fa fa-download\"><\/i> 460 descargas\r\n\t\t\t\t\t<i style=\"margin: 2px 0 0 5px;opacity:0.5\" class=\"fa fa-file-o\" aria-hidden=\"true\"><\/i> Versi\u00f3n 2.1\r\n\t\t\t\t<\/span>\r\n\t\t\t<\/h3>\r\n        <\/div>\r\n    <\/div>\r\n<\/blockquote>\r\n<style>.well.c2a3 .btn.wpdm-download-link{ padding: 11px 5px;font-size: 11pt; } .well.c2a3 .media-body{ font-size: 11pt; } .well.c2a3 .wpdm_icon{ height: 42px; width: auto; }<\/style><\/div>[\/vc_column_text][\/vc_tta_section][\/vc_tta_tabs][\/vc_column][\/vc_row]<\/p>","protected":false},"excerpt":{"rendered":"<p>[vc_row][vc_column][vc_column_text][\/vc_column_text][\/vc_column][\/vc_row][vc_row][vc_column width=&#8221;1\/2&#8243;][\/vc_column][vc_column width=&#8221;1\/2&#8243;][vc_row_inner][vc_column_inner][vc_column_text] Caj\u00f3n multiusos G\u00e9nova [\/vc_column_text][\/vc_column_inner][\/vc_row_inner][vc_tta_tabs active_section=&#8221;1&#8243;][vc_tta_section title=&#8221;Caracter\u00edsticas&#8221; tab_id=&#8221;1489683918833-7493536c-1274&#8243;][vc_row_inner][vc_column_inner][vc_column_text] Caracter\u00edsticas t\u00e9cnicas [\/vc_column_text][vc_column_text]- Apertura suave. &#8211; Cierre amortiguado. &#8211; Anti ara\u00f1azos. &#8211; Gu\u00edas ocultas con cierre<span class=\"excerpt-hellip\"> [\u2026]<\/span><\/p>\n","protected":false},"featured_media":9540,"template":"","meta":[],"product_brand":[],"product_cat":[564],"product_tag":[],"class_list":{"0":"post-9539","1":"product","2":"type-product","3":"status-publish","4":"has-post-thumbnail","6":"product_cat-equipamiento-cocina","8":"first","9":"instock","10":"shipping-taxable","11":"product-type-simple"},"_links":{"self":[{"href":"https:\/\/inther.es\/en\/wp-json\/wp\/v2\/product\/9539","targetHints":{"allow":["GET"]}}],"collection":[{"href":"https:\/\/inther.es\/en\/wp-json\/wp\/v2\/product"}],"about":[{"href":"https:\/\/inther.es\/en\/wp-json\/wp\/v2\/types\/product"}],"wp:featuredmedia":[{"embeddable":true,"href":"https:\/\/inther.es\/en\/wp-json\/wp\/v2\/media\/9540"}],"wp:attachment":[{"href":"https:\/\/inther.es\/en\/wp-json\/wp\/v2\/media?parent=9539"}],"wp:term":[{"taxonomy":"product_brand","embeddable":true,"href":"https:\/\/inther.es\/en\/wp-json\/wp\/v2\/product_brand?post=9539"},{"taxonomy":"product_cat","embeddable":true,"href":"https:\/\/inther.es\/en\/wp-json\/wp\/v2\/product_cat?post=9539"},{"taxonomy":"product_tag","embeddable":true,"href":"https:\/\/inther.es\/en\/wp-json\/wp\/v2\/product_tag?post=9539"}],"curies":[{"name":"wp","href":"https:\/\/api.w.org\/{rel}","templated":true}]}}